 {"id":2541,"date":"2022-04-29T17:17:38","date_gmt":"2022-04-29T15:17:38","guid":{"rendered":"https:\/\/esperia.tn.it\/zertifizierungen\/fsc-e-pefc-2\/"},"modified":"2024-06-06T11:59:37","modified_gmt":"2024-06-06T09:59:37","slug":"fsc-e-pefc","status":"publish","type":"page","link":"https:\/\/esperia.tn.it\/de\/zertifizierungen\/fsc-e-pefc\/","title":{"rendered":"FSC \u00ae e PEFC"},"content":{"rendered":"<p><strong>FSC \u00ae e PEFC . <\/strong>Einige denken, dass Papierherstellung die Zerst\u00f6rung von W\u00e4ldern mit sich bringt. Das stimmt aber nicht: Nur 11% des ganzen Holzes auf der Welt wird von der Papierindustrie verwendet und 90% des Papiers, das wir verwenden, wird in Europa mit Rohstoffen aus naturnahen Gebieten hergestellt, mit einem verantwortungsvollen Management der Produktionskette im Bereich Wachstum und Schnitt. Die Organisationen FSC\u00ae und PEFC\u2122 f\u00f6rdern und regeln diesen Prozess: Holz und Zellstoff k\u00f6nnen stetig zur\u00fcckverfolgt werden. Das versichert dem Endverbraucher, dass die Produkte aus diesen W\u00e4ldern kommen. Wir sind Teil dieser \u00dcberwachungsketten und dank unserer Zertifikate d\u00fcrfen unsere Kunden ihre Druckprodukte mit Umweltsiegeln versehen, die die ausschlie\u00dfliche Verwendung von nachhaltigen Produkten zertifizieren.<\/p>\n<p>&nbsp;<\/p>\n<p><a href=\"https:\/\/esperia.tn.it\/wp-content\/uploads\/2024\/06\/DNV-COC-000163-20240604-20240604.pdf\">PDF CERTIFICATO FSC ALLEGATO<\/a><\/p>\n<p><a href=\"https:\/\/esperia.tn.it\/wp-content\/uploads\/2024\/03\/Certificato_DNVSE-PEFC-COC-176-20230504-20230504145051.pdf\" rel=\"noopener\">PDF CERTIFICATO PEFC ALLEGATO<\/a><\/p>\n<p>&nbsp;<\/p>\n","protected":false},"excerpt":{"rendered":"<p>FSC \u00ae e PEFC . Einige denken, dass Papierherstellung die Zerst\u00f6rung von W\u00e4ldern mit sich bringt. Das stimmt aber nicht: Nur 11% des ganzen Holzes auf der Welt wird von der Papierindustrie verwendet und 90% des Papiers, das wir verwenden, wird in Europa mit Rohstoffen aus naturnahen Gebieten hergestellt, mit einem verantwortungsvollen Management der Produktionskette [&hellip;]<\/p>\n","protected":false},"author":1,"featured_media":2418,"parent":2456,"menu_order":3,"comment_status":"closed","ping_status":"closed","template":"template-certificazioni.php","meta":{"_acf_changed":false,"footnotes":""},"class_list":["post-2541","page","type-page","status-publish","has-post-thumbnail","hentry"],"acf":[],"yoast_head":"<!-- This site is optimized with the Yoast SEO plugin v27.4 - https:\/\/yoast.com\/product\/yoast-seo-wordpress\/ -->\n<title>FSC \u00ae e PEFC - Esperia<\/title>\n<meta name=\"robots\" content=\"index, follow, max-snippet:-1, max-image-preview:large, max-video-preview:-1\" \/>\n<link rel=\"canonical\" href=\"https:\/\/esperia.tn.it\/de\/zertifizierungen\/fsc-e-pefc\/\" \/>\n<meta name=\"twitter:label1\" content=\"Gesch\u00e4tzte Lesezeit\" \/>\n\t<meta name=\"twitter:data1\" content=\"1\u00a0Minute\" \/>\n<script type=\"application\/ld+json\" class=\"yoast-schema-graph\">{\"@context\":\"https:\\\/\\\/schema.org\",\"@graph\":[{\"@type\":\"WebPage\",\"@id\":\"https:\\\/\\\/esperia.tn.it\\\/de\\\/zertifizierungen\\\/fsc-e-pefc\\\/\",\"url\":\"https:\\\/\\\/esperia.tn.it\\\/de\\\/zertifizierungen\\\/fsc-e-pefc\\\/\",\"name\":\"FSC \u00ae e PEFC - Esperia\",\"isPartOf\":{\"@id\":\"https:\\\/\\\/esperia.tn.it\\\/#website\"},\"primaryImageOfPage\":{\"@id\":\"https:\\\/\\\/esperia.tn.it\\\/de\\\/zertifizierungen\\\/fsc-e-pefc\\\/#primaryimage\"},\"image\":{\"@id\":\"https:\\\/\\\/esperia.tn.it\\\/de\\\/zertifizierungen\\\/fsc-e-pefc\\\/#primaryimage\"},\"thumbnailUrl\":\"https:\\\/\\\/esperia.tn.it\\\/wp-content\\\/uploads\\\/2023\\\/07\\\/FSC_PEFC3.png\",\"datePublished\":\"2022-04-29T15:17:38+00:00\",\"dateModified\":\"2024-06-06T09:59:37+00:00\",\"breadcrumb\":{\"@id\":\"https:\\\/\\\/esperia.tn.it\\\/de\\\/zertifizierungen\\\/fsc-e-pefc\\\/#breadcrumb\"},\"inLanguage\":\"de\",\"potentialAction\":[{\"@type\":\"ReadAction\",\"target\":[\"https:\\\/\\\/esperia.tn.it\\\/de\\\/zertifizierungen\\\/fsc-e-pefc\\\/\"]}]},{\"@type\":\"ImageObject\",\"inLanguage\":\"de\",\"@id\":\"https:\\\/\\\/esperia.tn.it\\\/de\\\/zertifizierungen\\\/fsc-e-pefc\\\/#primaryimage\",\"url\":\"https:\\\/\\\/esperia.tn.it\\\/wp-content\\\/uploads\\\/2023\\\/07\\\/FSC_PEFC3.png\",\"contentUrl\":\"https:\\\/\\\/esperia.tn.it\\\/wp-content\\\/uploads\\\/2023\\\/07\\\/FSC_PEFC3.png\",\"width\":1250,\"height\":595},{\"@type\":\"BreadcrumbList\",\"@id\":\"https:\\\/\\\/esperia.tn.it\\\/de\\\/zertifizierungen\\\/fsc-e-pefc\\\/#breadcrumb\",\"itemListElement\":[{\"@type\":\"ListItem\",\"position\":1,\"name\":\"Home\",\"item\":\"https:\\\/\\\/esperia.tn.it\\\/de\\\/\"},{\"@type\":\"ListItem\",\"position\":2,\"name\":\"Zertifizierungen\",\"item\":\"https:\\\/\\\/esperia.tn.it\\\/de\\\/zertifizierungen\\\/\"},{\"@type\":\"ListItem\",\"position\":3,\"name\":\"FSC \u00ae e PEFC\"}]},{\"@type\":\"WebSite\",\"@id\":\"https:\\\/\\\/esperia.tn.it\\\/#website\",\"url\":\"https:\\\/\\\/esperia.tn.it\\\/\",\"name\":\"Esperia\",\"description\":\"Print evolution\",\"potentialAction\":[{\"@type\":\"SearchAction\",\"target\":{\"@type\":\"EntryPoint\",\"urlTemplate\":\"https:\\\/\\\/esperia.tn.it\\\/?s={search_term_string}\"},\"query-input\":{\"@type\":\"PropertyValueSpecification\",\"valueRequired\":true,\"valueName\":\"search_term_string\"}}],\"inLanguage\":\"de\"}]}<\/script>\n<!-- \/ Yoast SEO plugin. -->","yoast_head_json":{"title":"FSC \u00ae e PEFC - Esperia","robots":{"index":"index","follow":"follow","max-snippet":"max-snippet:-1","max-image-preview":"max-image-preview:large","max-video-preview":"max-video-preview:-1"},"canonical":"https:\/\/esperia.tn.it\/de\/zertifizierungen\/fsc-e-pefc\/","twitter_misc":{"Gesch\u00e4tzte Lesezeit":"1\u00a0Minute"},"schema":{"@context":"https:\/\/schema.org","@graph":[{"@type":"WebPage","@id":"https:\/\/esperia.tn.it\/de\/zertifizierungen\/fsc-e-pefc\/","url":"https:\/\/esperia.tn.it\/de\/zertifizierungen\/fsc-e-pefc\/","name":"FSC \u00ae e PEFC - Esperia","isPartOf":{"@id":"https:\/\/esperia.tn.it\/#website"},"primaryImageOfPage":{"@id":"https:\/\/esperia.tn.it\/de\/zertifizierungen\/fsc-e-pefc\/#primaryimage"},"image":{"@id":"https:\/\/esperia.tn.it\/de\/zertifizierungen\/fsc-e-pefc\/#primaryimage"},"thumbnailUrl":"https:\/\/esperia.tn.it\/wp-content\/uploads\/2023\/07\/FSC_PEFC3.png","datePublished":"2022-04-29T15:17:38+00:00","dateModified":"2024-06-06T09:59:37+00:00","breadcrumb":{"@id":"https:\/\/esperia.tn.it\/de\/zertifizierungen\/fsc-e-pefc\/#breadcrumb"},"inLanguage":"de","potentialAction":[{"@type":"ReadAction","target":["https:\/\/esperia.tn.it\/de\/zertifizierungen\/fsc-e-pefc\/"]}]},{"@type":"ImageObject","inLanguage":"de","@id":"https:\/\/esperia.tn.it\/de\/zertifizierungen\/fsc-e-pefc\/#primaryimage","url":"https:\/\/esperia.tn.it\/wp-content\/uploads\/2023\/07\/FSC_PEFC3.png","contentUrl":"https:\/\/esperia.tn.it\/wp-content\/uploads\/2023\/07\/FSC_PEFC3.png","width":1250,"height":595},{"@type":"BreadcrumbList","@id":"https:\/\/esperia.tn.it\/de\/zertifizierungen\/fsc-e-pefc\/#breadcrumb","itemListElement":[{"@type":"ListItem","position":1,"name":"Home","item":"https:\/\/esperia.tn.it\/de\/"},{"@type":"ListItem","position":2,"name":"Zertifizierungen","item":"https:\/\/esperia.tn.it\/de\/zertifizierungen\/"},{"@type":"ListItem","position":3,"name":"FSC \u00ae e PEFC"}]},{"@type":"WebSite","@id":"https:\/\/esperia.tn.it\/#website","url":"https:\/\/esperia.tn.it\/","name":"Esperia","description":"Print evolution","potentialAction":[{"@type":"SearchAction","target":{"@type":"EntryPoint","urlTemplate":"https:\/\/esperia.tn.it\/?s={search_term_string}"},"query-input":{"@type":"PropertyValueSpecification","valueRequired":true,"valueName":"search_term_string"}}],"inLanguage":"de"}]}},"_links":{"self":[{"href":"https:\/\/esperia.tn.it\/de\/wp-json\/wp\/v2\/pages\/2541","targetHints":{"allow":["GET"]}}],"collection":[{"href":"https:\/\/esperia.tn.it\/de\/wp-json\/wp\/v2\/pages"}],"about":[{"href":"https:\/\/esperia.tn.it\/de\/wp-json\/wp\/v2\/types\/page"}],"author":[{"embeddable":true,"href":"https:\/\/esperia.tn.it\/de\/wp-json\/wp\/v2\/users\/1"}],"replies":[{"embeddable":true,"href":"https:\/\/esperia.tn.it\/de\/wp-json\/wp\/v2\/comments?post=2541"}],"version-history":[{"count":1,"href":"https:\/\/esperia.tn.it\/de\/wp-json\/wp\/v2\/pages\/2541\/revisions"}],"predecessor-version":[{"id":2542,"href":"https:\/\/esperia.tn.it\/de\/wp-json\/wp\/v2\/pages\/2541\/revisions\/2542"}],"up":[{"embeddable":true,"href":"https:\/\/esperia.tn.it\/de\/wp-json\/wp\/v2\/pages\/2456"}],"wp:featuredmedia":[{"embeddable":true,"href":"https:\/\/esperia.tn.it\/de\/wp-json\/wp\/v2\/media\/2418"}],"wp:attachment":[{"href":"https:\/\/esperia.tn.it\/de\/wp-json\/wp\/v2\/media?parent=2541"}],"curies":[{"name":"wp","href":"https:\/\/api.w.org\/{rel}","templated":true}]}}