 {"id":2463,"date":"2022-04-29T17:17:00","date_gmt":"2022-04-29T15:17:00","guid":{"rendered":"https:\/\/esperia.tn.it\/certificazioni\/klimaneutral\/"},"modified":"2024-02-05T12:08:58","modified_gmt":"2024-02-05T11:08:58","slug":"klimaneutral","status":"publish","type":"page","link":"https:\/\/esperia.tn.it\/de\/zertifizierungen\/klimaneutral\/","title":{"rendered":"Klimaneutral"},"content":{"rendered":"<p><strong>Klimaneutral. <\/strong>Unsere Kunden k\u00f6nnen zum Schutz unseres Planeten beitragen, indem sie ihre Druckprodukte \u201eKlimaneutral\u201c zertifizieren lassen. Der klimaneutrale Druck basiert auf einem ausgefeilten System, das Treibhausgasemissionen berechnet und dabei zahlreiche Faktoren ber\u00fccksichtigt, u.a. Materialien, Energieverbrauch, verwendete Tinten und L\u00f6semitteln,<\/p>\n<p>Verpackungen, Bef\u00f6rderung und Entsorgung. Dank all dem wird die CO2 -Bilanz (den CO2-Fu\u00dfabdruck) unserer Produkte in CO2-Tonnen quantifiziert und kann durch den Kauf und den Handel von Emissionszertifikaten ausgeglichen werden. Zur gleichen Zeit werden dadurch international Klima-Projekte gef\u00f6rdert (wie zum Beispiel den Bau einer neuen Windkraftanlage).<\/p>\n<p>&nbsp;<\/p>\n<p><a href=\"https:\/\/esperia.tn.it\/wp-content\/uploads\/2022\/06\/ClimatePartner_Certificate_10882_190925.pdf\" target=\"\" rel=\"noopener\">PDF ALLEGATO<\/a><\/p>\n","protected":false},"excerpt":{"rendered":"<p>Klimaneutral. Unsere Kunden k\u00f6nnen zum Schutz unseres Planeten beitragen, indem sie ihre Druckprodukte \u201eKlimaneutral\u201c zertifizieren lassen. Der klimaneutrale Druck basiert auf einem ausgefeilten System, das Treibhausgasemissionen berechnet und dabei zahlreiche Faktoren ber\u00fccksichtigt, u.a. Materialien, Energieverbrauch, verwendete Tinten und L\u00f6semitteln, Verpackungen, Bef\u00f6rderung und Entsorgung. Dank all dem wird die CO2 -Bilanz (den CO2-Fu\u00dfabdruck) unserer Produkte in [&hellip;]<\/p>\n","protected":false},"author":1,"featured_media":2427,"parent":2456,"menu_order":2,"comment_status":"closed","ping_status":"closed","template":"template-certificazioni.php","meta":{"_acf_changed":false,"footnotes":""},"class_list":["post-2463","page","type-page","status-publish","has-post-thumbnail","hentry"],"acf":[],"yoast_head":"<!-- This site is optimized with the Yoast SEO plugin v27.4 - https:\/\/yoast.com\/product\/yoast-seo-wordpress\/ -->\n<title>Klimaneutral - Esperia<\/title>\n<meta name=\"robots\" content=\"index, follow, max-snippet:-1, max-image-preview:large, max-video-preview:-1\" \/>\n<link rel=\"canonical\" href=\"https:\/\/esperia.tn.it\/de\/zertifizierungen\/klimaneutral\/\" \/>\n<meta name=\"twitter:label1\" content=\"Gesch\u00e4tzte Lesezeit\" \/>\n\t<meta name=\"twitter:data1\" content=\"1\u00a0Minute\" \/>\n<script type=\"application\/ld+json\" class=\"yoast-schema-graph\">{\"@context\":\"https:\\\/\\\/schema.org\",\"@graph\":[{\"@type\":\"WebPage\",\"@id\":\"https:\\\/\\\/esperia.tn.it\\\/de\\\/zertifizierungen\\\/klimaneutral\\\/\",\"url\":\"https:\\\/\\\/esperia.tn.it\\\/de\\\/zertifizierungen\\\/klimaneutral\\\/\",\"name\":\"Klimaneutral - Esperia\",\"isPartOf\":{\"@id\":\"https:\\\/\\\/esperia.tn.it\\\/#website\"},\"primaryImageOfPage\":{\"@id\":\"https:\\\/\\\/esperia.tn.it\\\/de\\\/zertifizierungen\\\/klimaneutral\\\/#primaryimage\"},\"image\":{\"@id\":\"https:\\\/\\\/esperia.tn.it\\\/de\\\/zertifizierungen\\\/klimaneutral\\\/#primaryimage\"},\"thumbnailUrl\":\"https:\\\/\\\/esperia.tn.it\\\/wp-content\\\/uploads\\\/2024\\\/01\\\/CP_Badge_Available_with_financial_climate_contribution.jpg\",\"datePublished\":\"2022-04-29T15:17:00+00:00\",\"dateModified\":\"2024-02-05T11:08:58+00:00\",\"breadcrumb\":{\"@id\":\"https:\\\/\\\/esperia.tn.it\\\/de\\\/zertifizierungen\\\/klimaneutral\\\/#breadcrumb\"},\"inLanguage\":\"de\",\"potentialAction\":[{\"@type\":\"ReadAction\",\"target\":[\"https:\\\/\\\/esperia.tn.it\\\/de\\\/zertifizierungen\\\/klimaneutral\\\/\"]}]},{\"@type\":\"ImageObject\",\"inLanguage\":\"de\",\"@id\":\"https:\\\/\\\/esperia.tn.it\\\/de\\\/zertifizierungen\\\/klimaneutral\\\/#primaryimage\",\"url\":\"https:\\\/\\\/esperia.tn.it\\\/wp-content\\\/uploads\\\/2024\\\/01\\\/CP_Badge_Available_with_financial_climate_contribution.jpg\",\"contentUrl\":\"https:\\\/\\\/esperia.tn.it\\\/wp-content\\\/uploads\\\/2024\\\/01\\\/CP_Badge_Available_with_financial_climate_contribution.jpg\",\"width\":1500,\"height\":328},{\"@type\":\"BreadcrumbList\",\"@id\":\"https:\\\/\\\/esperia.tn.it\\\/de\\\/zertifizierungen\\\/klimaneutral\\\/#breadcrumb\",\"itemListElement\":[{\"@type\":\"ListItem\",\"position\":1,\"name\":\"Home\",\"item\":\"https:\\\/\\\/esperia.tn.it\\\/de\\\/\"},{\"@type\":\"ListItem\",\"position\":2,\"name\":\"Zertifizierungen\",\"item\":\"https:\\\/\\\/esperia.tn.it\\\/de\\\/zertifizierungen\\\/\"},{\"@type\":\"ListItem\",\"position\":3,\"name\":\"Klimaneutral\"}]},{\"@type\":\"WebSite\",\"@id\":\"https:\\\/\\\/esperia.tn.it\\\/#website\",\"url\":\"https:\\\/\\\/esperia.tn.it\\\/\",\"name\":\"Esperia\",\"description\":\"Print evolution\",\"potentialAction\":[{\"@type\":\"SearchAction\",\"target\":{\"@type\":\"EntryPoint\",\"urlTemplate\":\"https:\\\/\\\/esperia.tn.it\\\/?s={search_term_string}\"},\"query-input\":{\"@type\":\"PropertyValueSpecification\",\"valueRequired\":true,\"valueName\":\"search_term_string\"}}],\"inLanguage\":\"de\"}]}<\/script>\n<!-- \/ Yoast SEO plugin. -->","yoast_head_json":{"title":"Klimaneutral - Esperia","robots":{"index":"index","follow":"follow","max-snippet":"max-snippet:-1","max-image-preview":"max-image-preview:large","max-video-preview":"max-video-preview:-1"},"canonical":"https:\/\/esperia.tn.it\/de\/zertifizierungen\/klimaneutral\/","twitter_misc":{"Gesch\u00e4tzte Lesezeit":"1\u00a0Minute"},"schema":{"@context":"https:\/\/schema.org","@graph":[{"@type":"WebPage","@id":"https:\/\/esperia.tn.it\/de\/zertifizierungen\/klimaneutral\/","url":"https:\/\/esperia.tn.it\/de\/zertifizierungen\/klimaneutral\/","name":"Klimaneutral - Esperia","isPartOf":{"@id":"https:\/\/esperia.tn.it\/#website"},"primaryImageOfPage":{"@id":"https:\/\/esperia.tn.it\/de\/zertifizierungen\/klimaneutral\/#primaryimage"},"image":{"@id":"https:\/\/esperia.tn.it\/de\/zertifizierungen\/klimaneutral\/#primaryimage"},"thumbnailUrl":"https:\/\/esperia.tn.it\/wp-content\/uploads\/2024\/01\/CP_Badge_Available_with_financial_climate_contribution.jpg","datePublished":"2022-04-29T15:17:00+00:00","dateModified":"2024-02-05T11:08:58+00:00","breadcrumb":{"@id":"https:\/\/esperia.tn.it\/de\/zertifizierungen\/klimaneutral\/#breadcrumb"},"inLanguage":"de","potentialAction":[{"@type":"ReadAction","target":["https:\/\/esperia.tn.it\/de\/zertifizierungen\/klimaneutral\/"]}]},{"@type":"ImageObject","inLanguage":"de","@id":"https:\/\/esperia.tn.it\/de\/zertifizierungen\/klimaneutral\/#primaryimage","url":"https:\/\/esperia.tn.it\/wp-content\/uploads\/2024\/01\/CP_Badge_Available_with_financial_climate_contribution.jpg","contentUrl":"https:\/\/esperia.tn.it\/wp-content\/uploads\/2024\/01\/CP_Badge_Available_with_financial_climate_contribution.jpg","width":1500,"height":328},{"@type":"BreadcrumbList","@id":"https:\/\/esperia.tn.it\/de\/zertifizierungen\/klimaneutral\/#breadcrumb","itemListElement":[{"@type":"ListItem","position":1,"name":"Home","item":"https:\/\/esperia.tn.it\/de\/"},{"@type":"ListItem","position":2,"name":"Zertifizierungen","item":"https:\/\/esperia.tn.it\/de\/zertifizierungen\/"},{"@type":"ListItem","position":3,"name":"Klimaneutral"}]},{"@type":"WebSite","@id":"https:\/\/esperia.tn.it\/#website","url":"https:\/\/esperia.tn.it\/","name":"Esperia","description":"Print evolution","potentialAction":[{"@type":"SearchAction","target":{"@type":"EntryPoint","urlTemplate":"https:\/\/esperia.tn.it\/?s={search_term_string}"},"query-input":{"@type":"PropertyValueSpecification","valueRequired":true,"valueName":"search_term_string"}}],"inLanguage":"de"}]}},"_links":{"self":[{"href":"https:\/\/esperia.tn.it\/de\/wp-json\/wp\/v2\/pages\/2463","targetHints":{"allow":["GET"]}}],"collection":[{"href":"https:\/\/esperia.tn.it\/de\/wp-json\/wp\/v2\/pages"}],"about":[{"href":"https:\/\/esperia.tn.it\/de\/wp-json\/wp\/v2\/types\/page"}],"author":[{"embeddable":true,"href":"https:\/\/esperia.tn.it\/de\/wp-json\/wp\/v2\/users\/1"}],"replies":[{"embeddable":true,"href":"https:\/\/esperia.tn.it\/de\/wp-json\/wp\/v2\/comments?post=2463"}],"version-history":[{"count":1,"href":"https:\/\/esperia.tn.it\/de\/wp-json\/wp\/v2\/pages\/2463\/revisions"}],"predecessor-version":[{"id":2464,"href":"https:\/\/esperia.tn.it\/de\/wp-json\/wp\/v2\/pages\/2463\/revisions\/2464"}],"up":[{"embeddable":true,"href":"https:\/\/esperia.tn.it\/de\/wp-json\/wp\/v2\/pages\/2456"}],"wp:featuredmedia":[{"embeddable":true,"href":"https:\/\/esperia.tn.it\/de\/wp-json\/wp\/v2\/media\/2427"}],"wp:attachment":[{"href":"https:\/\/esperia.tn.it\/de\/wp-json\/wp\/v2\/media?parent=2463"}],"curies":[{"name":"wp","href":"https:\/\/api.w.org\/{rel}","templated":true}]}}