 {"id":2461,"date":"2022-04-29T17:20:12","date_gmt":"2022-04-29T15:20:12","guid":{"rendered":"https:\/\/esperia.tn.it\/certificazioni\/100-energia-pulita\/"},"modified":"2024-02-19T11:53:57","modified_gmt":"2024-02-19T10:53:57","slug":"100-erneuerbare-energi","status":"publish","type":"page","link":"https:\/\/esperia.tn.it\/de\/zertifizierungen\/100-erneuerbare-energi\/","title":{"rendered":"100% erneuerbare Energie"},"content":{"rendered":"<p><strong>100% erneuerbare Energie.<\/strong> Dank der Vereinbarung mit Dolomiti Energia SpA, werden alle unsere Anlagen und Maschinen seit dem 1. Januar 2011 ausschlie\u00dflich mit Energie aus erneuerbaren Quellen versorgt. Die Zertifizierung \u201e100% erneuerbare Energie\u201c zertifiziert, dass unsere Energieversorgung aus erneuerbaren Quellen stammt und daher aus Sonne, Wasser, Wind und Erde erzeugt wird, ohne dass Treibhausgase in die Atmosph\u00e4re gelangen. Esperia entschied sich f\u00fcr die Zertifizierung seines Verbrauchs, um seinen anderen Initiativen, die im Laufe der Jahre konsequent und kontinuierlich durchgef\u00fchrt wurden, Koh\u00e4renz und Kontinuit\u00e4t zu verleihen. Wir haben z. B. mehr als 750 m2 Photovoltaikanlagen installiert, die j\u00e4hrlich durchschnittlich 116.000 kWh Energie erzeugen. Das entspricht 62 Tonnen CO2, die nicht ausgesto\u00dfen wurden.<\/p>\n<p>&nbsp;<\/p>\n<p><a href=\"https:\/\/esperia.tn.it\/wp-content\/uploads\/2022\/09\/Report_CO2_FREE_EE_EE_B_2021_2146549.pdf\" target=\"\" rel=\"noopener\">Report_CO2_2021<\/a><\/p>\n","protected":false},"excerpt":{"rendered":"<p>100% erneuerbare Energie. Dank der Vereinbarung mit Dolomiti Energia SpA, werden alle unsere Anlagen und Maschinen seit dem 1. Januar 2011 ausschlie\u00dflich mit Energie aus erneuerbaren Quellen versorgt. Die Zertifizierung \u201e100% erneuerbare Energie\u201c zertifiziert, dass unsere Energieversorgung aus erneuerbaren Quellen stammt und daher aus Sonne, Wasser, Wind und Erde erzeugt wird, ohne dass Treibhausgase in [&hellip;]<\/p>\n","protected":false},"author":1,"featured_media":2034,"parent":2456,"menu_order":1,"comment_status":"closed","ping_status":"closed","template":"template-certificazioni.php","meta":{"_acf_changed":false,"footnotes":""},"class_list":["post-2461","page","type-page","status-publish","has-post-thumbnail","hentry"],"acf":[],"yoast_head":"<!-- This site is optimized with the Yoast SEO plugin v27.4 - https:\/\/yoast.com\/product\/yoast-seo-wordpress\/ -->\n<title>100% erneuerbare Energie - Esperia<\/title>\n<meta name=\"robots\" content=\"index, follow, max-snippet:-1, max-image-preview:large, max-video-preview:-1\" \/>\n<link rel=\"canonical\" href=\"https:\/\/esperia.tn.it\/de\/zertifizierungen\/100-erneuerbare-energi\/\" \/>\n<meta name=\"twitter:label1\" content=\"Gesch\u00e4tzte Lesezeit\" \/>\n\t<meta name=\"twitter:data1\" content=\"1\u00a0Minute\" \/>\n<script type=\"application\/ld+json\" class=\"yoast-schema-graph\">{\"@context\":\"https:\\\/\\\/schema.org\",\"@graph\":[{\"@type\":\"WebPage\",\"@id\":\"https:\\\/\\\/esperia.tn.it\\\/de\\\/zertifizierungen\\\/100-erneuerbare-energi\\\/\",\"url\":\"https:\\\/\\\/esperia.tn.it\\\/de\\\/zertifizierungen\\\/100-erneuerbare-energi\\\/\",\"name\":\"100% erneuerbare Energie - Esperia\",\"isPartOf\":{\"@id\":\"https:\\\/\\\/esperia.tn.it\\\/#website\"},\"primaryImageOfPage\":{\"@id\":\"https:\\\/\\\/esperia.tn.it\\\/de\\\/zertifizierungen\\\/100-erneuerbare-energi\\\/#primaryimage\"},\"image\":{\"@id\":\"https:\\\/\\\/esperia.tn.it\\\/de\\\/zertifizierungen\\\/100-erneuerbare-energi\\\/#primaryimage\"},\"thumbnailUrl\":\"https:\\\/\\\/esperia.tn.it\\\/wp-content\\\/uploads\\\/2022\\\/05\\\/dolomiti_energia_pulita.png\",\"datePublished\":\"2022-04-29T15:20:12+00:00\",\"dateModified\":\"2024-02-19T10:53:57+00:00\",\"breadcrumb\":{\"@id\":\"https:\\\/\\\/esperia.tn.it\\\/de\\\/zertifizierungen\\\/100-erneuerbare-energi\\\/#breadcrumb\"},\"inLanguage\":\"de\",\"potentialAction\":[{\"@type\":\"ReadAction\",\"target\":[\"https:\\\/\\\/esperia.tn.it\\\/de\\\/zertifizierungen\\\/100-erneuerbare-energi\\\/\"]}]},{\"@type\":\"ImageObject\",\"inLanguage\":\"de\",\"@id\":\"https:\\\/\\\/esperia.tn.it\\\/de\\\/zertifizierungen\\\/100-erneuerbare-energi\\\/#primaryimage\",\"url\":\"https:\\\/\\\/esperia.tn.it\\\/wp-content\\\/uploads\\\/2022\\\/05\\\/dolomiti_energia_pulita.png\",\"contentUrl\":\"https:\\\/\\\/esperia.tn.it\\\/wp-content\\\/uploads\\\/2022\\\/05\\\/dolomiti_energia_pulita.png\",\"width\":1250,\"height\":595},{\"@type\":\"BreadcrumbList\",\"@id\":\"https:\\\/\\\/esperia.tn.it\\\/de\\\/zertifizierungen\\\/100-erneuerbare-energi\\\/#breadcrumb\",\"itemListElement\":[{\"@type\":\"ListItem\",\"position\":1,\"name\":\"Home\",\"item\":\"https:\\\/\\\/esperia.tn.it\\\/de\\\/\"},{\"@type\":\"ListItem\",\"position\":2,\"name\":\"Zertifizierungen\",\"item\":\"https:\\\/\\\/esperia.tn.it\\\/de\\\/zertifizierungen\\\/\"},{\"@type\":\"ListItem\",\"position\":3,\"name\":\"100% erneuerbare Energie\"}]},{\"@type\":\"WebSite\",\"@id\":\"https:\\\/\\\/esperia.tn.it\\\/#website\",\"url\":\"https:\\\/\\\/esperia.tn.it\\\/\",\"name\":\"Esperia\",\"description\":\"Print evolution\",\"potentialAction\":[{\"@type\":\"SearchAction\",\"target\":{\"@type\":\"EntryPoint\",\"urlTemplate\":\"https:\\\/\\\/esperia.tn.it\\\/?s={search_term_string}\"},\"query-input\":{\"@type\":\"PropertyValueSpecification\",\"valueRequired\":true,\"valueName\":\"search_term_string\"}}],\"inLanguage\":\"de\"}]}<\/script>\n<!-- \/ Yoast SEO plugin. -->","yoast_head_json":{"title":"100% erneuerbare Energie - Esperia","robots":{"index":"index","follow":"follow","max-snippet":"max-snippet:-1","max-image-preview":"max-image-preview:large","max-video-preview":"max-video-preview:-1"},"canonical":"https:\/\/esperia.tn.it\/de\/zertifizierungen\/100-erneuerbare-energi\/","twitter_misc":{"Gesch\u00e4tzte Lesezeit":"1\u00a0Minute"},"schema":{"@context":"https:\/\/schema.org","@graph":[{"@type":"WebPage","@id":"https:\/\/esperia.tn.it\/de\/zertifizierungen\/100-erneuerbare-energi\/","url":"https:\/\/esperia.tn.it\/de\/zertifizierungen\/100-erneuerbare-energi\/","name":"100% erneuerbare Energie - Esperia","isPartOf":{"@id":"https:\/\/esperia.tn.it\/#website"},"primaryImageOfPage":{"@id":"https:\/\/esperia.tn.it\/de\/zertifizierungen\/100-erneuerbare-energi\/#primaryimage"},"image":{"@id":"https:\/\/esperia.tn.it\/de\/zertifizierungen\/100-erneuerbare-energi\/#primaryimage"},"thumbnailUrl":"https:\/\/esperia.tn.it\/wp-content\/uploads\/2022\/05\/dolomiti_energia_pulita.png","datePublished":"2022-04-29T15:20:12+00:00","dateModified":"2024-02-19T10:53:57+00:00","breadcrumb":{"@id":"https:\/\/esperia.tn.it\/de\/zertifizierungen\/100-erneuerbare-energi\/#breadcrumb"},"inLanguage":"de","potentialAction":[{"@type":"ReadAction","target":["https:\/\/esperia.tn.it\/de\/zertifizierungen\/100-erneuerbare-energi\/"]}]},{"@type":"ImageObject","inLanguage":"de","@id":"https:\/\/esperia.tn.it\/de\/zertifizierungen\/100-erneuerbare-energi\/#primaryimage","url":"https:\/\/esperia.tn.it\/wp-content\/uploads\/2022\/05\/dolomiti_energia_pulita.png","contentUrl":"https:\/\/esperia.tn.it\/wp-content\/uploads\/2022\/05\/dolomiti_energia_pulita.png","width":1250,"height":595},{"@type":"BreadcrumbList","@id":"https:\/\/esperia.tn.it\/de\/zertifizierungen\/100-erneuerbare-energi\/#breadcrumb","itemListElement":[{"@type":"ListItem","position":1,"name":"Home","item":"https:\/\/esperia.tn.it\/de\/"},{"@type":"ListItem","position":2,"name":"Zertifizierungen","item":"https:\/\/esperia.tn.it\/de\/zertifizierungen\/"},{"@type":"ListItem","position":3,"name":"100% erneuerbare Energie"}]},{"@type":"WebSite","@id":"https:\/\/esperia.tn.it\/#website","url":"https:\/\/esperia.tn.it\/","name":"Esperia","description":"Print evolution","potentialAction":[{"@type":"SearchAction","target":{"@type":"EntryPoint","urlTemplate":"https:\/\/esperia.tn.it\/?s={search_term_string}"},"query-input":{"@type":"PropertyValueSpecification","valueRequired":true,"valueName":"search_term_string"}}],"inLanguage":"de"}]}},"_links":{"self":[{"href":"https:\/\/esperia.tn.it\/de\/wp-json\/wp\/v2\/pages\/2461","targetHints":{"allow":["GET"]}}],"collection":[{"href":"https:\/\/esperia.tn.it\/de\/wp-json\/wp\/v2\/pages"}],"about":[{"href":"https:\/\/esperia.tn.it\/de\/wp-json\/wp\/v2\/types\/page"}],"author":[{"embeddable":true,"href":"https:\/\/esperia.tn.it\/de\/wp-json\/wp\/v2\/users\/1"}],"replies":[{"embeddable":true,"href":"https:\/\/esperia.tn.it\/de\/wp-json\/wp\/v2\/comments?post=2461"}],"version-history":[{"count":2,"href":"https:\/\/esperia.tn.it\/de\/wp-json\/wp\/v2\/pages\/2461\/revisions"}],"predecessor-version":[{"id":2496,"href":"https:\/\/esperia.tn.it\/de\/wp-json\/wp\/v2\/pages\/2461\/revisions\/2496"}],"up":[{"embeddable":true,"href":"https:\/\/esperia.tn.it\/de\/wp-json\/wp\/v2\/pages\/2456"}],"wp:featuredmedia":[{"embeddable":true,"href":"https:\/\/esperia.tn.it\/de\/wp-json\/wp\/v2\/media\/2034"}],"wp:attachment":[{"href":"https:\/\/esperia.tn.it\/de\/wp-json\/wp\/v2\/media?parent=2461"}],"curies":[{"name":"wp","href":"https:\/\/api.w.org\/{rel}","templated":true}]}}