 {"id":2459,"date":"2022-04-29T17:16:22","date_gmt":"2022-04-29T15:16:22","guid":{"rendered":"https:\/\/esperia.tn.it\/certificazioni\/iso-14001\/"},"modified":"2025-09-24T15:31:15","modified_gmt":"2025-09-24T13:31:15","slug":"iso-9001-iso-14001","status":"publish","type":"page","link":"https:\/\/esperia.tn.it\/de\/zertifizierungen\/iso-9001-iso-14001\/","title":{"rendered":"ISO 9001 &#8211; ISO 14001"},"content":{"rendered":"<p><strong>ISO 9001. <\/strong>Die Zertifizierung ISO 9001 bescheinigt die Konformit\u00e4t der Unternehmensprozesse der verschiedenen Abteilungen mit einer Reihe internationaler Normen: Sie garantiert somit unseren Gesch\u00e4ftspartnern ein hohes Ma\u00df an Professionalit\u00e4t, Sicherheit und Qualit\u00e4t.<\/p>\n<p><strong>ISO 14001.<\/strong> Wir haben ein dynamisches Umweltmanagementsystem, das in unserem Unternehmensmanagement perfekt integriert ist. Das bedeutet, dass alle Arbeitsabl\u00e4ufe, Entscheidungen und sogar Verhaltensweisen der Einzelnen auf der Einhaltung von Regeln beruhen, die die Auswirkung unserer Aktivit\u00e4ten unter Kontrolle halten, damit die Prozesse immer effizienter werden und die notwendigen Ma\u00dfnahmen ergriffen werden, um das Umweltrisiko vorzubeugen und zu minimieren.<\/p>\n<p>&nbsp;<\/p>\n<p><a href=\"https:\/\/esperia.tn.it\/wp-content\/uploads\/2025\/09\/ISO_14001-ENG-45002-2008-AE-ITA-SINCERT-4-20250919.pdf\" target=\"_blank\" rel=\"noopener\">Certificato ISO 14001 pdf<\/a><\/p>\n<p><a href=\"https:\/\/esperia.tn.it\/wp-content\/uploads\/2025\/09\/ISO_9001-ENG-10000308741-MSC-ACCREDIA-ITA-2-20250919.pdf\" target=\"_blank\" rel=\"noopener\">Certificato ISO 9001 pdf<\/a><\/p>\n","protected":false},"excerpt":{"rendered":"<p>ISO 9001. Die Zertifizierung ISO 9001 bescheinigt die Konformit\u00e4t der Unternehmensprozesse der verschiedenen Abteilungen mit einer Reihe internationaler Normen: Sie garantiert somit unseren Gesch\u00e4ftspartnern ein hohes Ma\u00df an Professionalit\u00e4t, Sicherheit und Qualit\u00e4t. ISO 14001. Wir haben ein dynamisches Umweltmanagementsystem, das in unserem Unternehmensmanagement perfekt integriert ist. Das bedeutet, dass alle Arbeitsabl\u00e4ufe, Entscheidungen und sogar Verhaltensweisen [&hellip;]<\/p>\n","protected":false},"author":1,"featured_media":2688,"parent":2456,"menu_order":0,"comment_status":"closed","ping_status":"closed","template":"template-certificazioni.php","meta":{"_acf_changed":false,"footnotes":""},"class_list":["post-2459","page","type-page","status-publish","has-post-thumbnail","hentry"],"acf":[],"yoast_head":"<!-- This site is optimized with the Yoast SEO plugin v27.4 - https:\/\/yoast.com\/product\/yoast-seo-wordpress\/ -->\n<title>ISO 9001 - ISO 14001 - Esperia<\/title>\n<meta name=\"robots\" content=\"index, follow, max-snippet:-1, max-image-preview:large, max-video-preview:-1\" \/>\n<link rel=\"canonical\" href=\"https:\/\/esperia.tn.it\/de\/zertifizierungen\/iso-9001-iso-14001\/\" \/>\n<meta name=\"twitter:label1\" content=\"Gesch\u00e4tzte Lesezeit\" \/>\n\t<meta name=\"twitter:data1\" content=\"1\u00a0Minute\" \/>\n<script type=\"application\/ld+json\" class=\"yoast-schema-graph\">{\"@context\":\"https:\\\/\\\/schema.org\",\"@graph\":[{\"@type\":\"WebPage\",\"@id\":\"https:\\\/\\\/esperia.tn.it\\\/de\\\/zertifizierungen\\\/iso-9001-iso-14001\\\/\",\"url\":\"https:\\\/\\\/esperia.tn.it\\\/de\\\/zertifizierungen\\\/iso-9001-iso-14001\\\/\",\"name\":\"ISO 9001 - ISO 14001 - Esperia\",\"isPartOf\":{\"@id\":\"https:\\\/\\\/esperia.tn.it\\\/#website\"},\"primaryImageOfPage\":{\"@id\":\"https:\\\/\\\/esperia.tn.it\\\/de\\\/zertifizierungen\\\/iso-9001-iso-14001\\\/#primaryimage\"},\"image\":{\"@id\":\"https:\\\/\\\/esperia.tn.it\\\/de\\\/zertifizierungen\\\/iso-9001-iso-14001\\\/#primaryimage\"},\"thumbnailUrl\":\"https:\\\/\\\/esperia.tn.it\\\/wp-content\\\/uploads\\\/2025\\\/09\\\/ManagementSysCert_ISO9001_14001_col-copia.jpg\",\"datePublished\":\"2022-04-29T15:16:22+00:00\",\"dateModified\":\"2025-09-24T13:31:15+00:00\",\"breadcrumb\":{\"@id\":\"https:\\\/\\\/esperia.tn.it\\\/de\\\/zertifizierungen\\\/iso-9001-iso-14001\\\/#breadcrumb\"},\"inLanguage\":\"de\",\"potentialAction\":[{\"@type\":\"ReadAction\",\"target\":[\"https:\\\/\\\/esperia.tn.it\\\/de\\\/zertifizierungen\\\/iso-9001-iso-14001\\\/\"]}]},{\"@type\":\"ImageObject\",\"inLanguage\":\"de\",\"@id\":\"https:\\\/\\\/esperia.tn.it\\\/de\\\/zertifizierungen\\\/iso-9001-iso-14001\\\/#primaryimage\",\"url\":\"https:\\\/\\\/esperia.tn.it\\\/wp-content\\\/uploads\\\/2025\\\/09\\\/ManagementSysCert_ISO9001_14001_col-copia.jpg\",\"contentUrl\":\"https:\\\/\\\/esperia.tn.it\\\/wp-content\\\/uploads\\\/2025\\\/09\\\/ManagementSysCert_ISO9001_14001_col-copia.jpg\",\"width\":550,\"height\":510},{\"@type\":\"BreadcrumbList\",\"@id\":\"https:\\\/\\\/esperia.tn.it\\\/de\\\/zertifizierungen\\\/iso-9001-iso-14001\\\/#breadcrumb\",\"itemListElement\":[{\"@type\":\"ListItem\",\"position\":1,\"name\":\"Home\",\"item\":\"https:\\\/\\\/esperia.tn.it\\\/de\\\/\"},{\"@type\":\"ListItem\",\"position\":2,\"name\":\"Zertifizierungen\",\"item\":\"https:\\\/\\\/esperia.tn.it\\\/de\\\/zertifizierungen\\\/\"},{\"@type\":\"ListItem\",\"position\":3,\"name\":\"ISO 9001 &#8211; ISO 14001\"}]},{\"@type\":\"WebSite\",\"@id\":\"https:\\\/\\\/esperia.tn.it\\\/#website\",\"url\":\"https:\\\/\\\/esperia.tn.it\\\/\",\"name\":\"Esperia\",\"description\":\"Print evolution\",\"potentialAction\":[{\"@type\":\"SearchAction\",\"target\":{\"@type\":\"EntryPoint\",\"urlTemplate\":\"https:\\\/\\\/esperia.tn.it\\\/?s={search_term_string}\"},\"query-input\":{\"@type\":\"PropertyValueSpecification\",\"valueRequired\":true,\"valueName\":\"search_term_string\"}}],\"inLanguage\":\"de\"}]}<\/script>\n<!-- \/ Yoast SEO plugin. -->","yoast_head_json":{"title":"ISO 9001 - ISO 14001 - Esperia","robots":{"index":"index","follow":"follow","max-snippet":"max-snippet:-1","max-image-preview":"max-image-preview:large","max-video-preview":"max-video-preview:-1"},"canonical":"https:\/\/esperia.tn.it\/de\/zertifizierungen\/iso-9001-iso-14001\/","twitter_misc":{"Gesch\u00e4tzte Lesezeit":"1\u00a0Minute"},"schema":{"@context":"https:\/\/schema.org","@graph":[{"@type":"WebPage","@id":"https:\/\/esperia.tn.it\/de\/zertifizierungen\/iso-9001-iso-14001\/","url":"https:\/\/esperia.tn.it\/de\/zertifizierungen\/iso-9001-iso-14001\/","name":"ISO 9001 - ISO 14001 - Esperia","isPartOf":{"@id":"https:\/\/esperia.tn.it\/#website"},"primaryImageOfPage":{"@id":"https:\/\/esperia.tn.it\/de\/zertifizierungen\/iso-9001-iso-14001\/#primaryimage"},"image":{"@id":"https:\/\/esperia.tn.it\/de\/zertifizierungen\/iso-9001-iso-14001\/#primaryimage"},"thumbnailUrl":"https:\/\/esperia.tn.it\/wp-content\/uploads\/2025\/09\/ManagementSysCert_ISO9001_14001_col-copia.jpg","datePublished":"2022-04-29T15:16:22+00:00","dateModified":"2025-09-24T13:31:15+00:00","breadcrumb":{"@id":"https:\/\/esperia.tn.it\/de\/zertifizierungen\/iso-9001-iso-14001\/#breadcrumb"},"inLanguage":"de","potentialAction":[{"@type":"ReadAction","target":["https:\/\/esperia.tn.it\/de\/zertifizierungen\/iso-9001-iso-14001\/"]}]},{"@type":"ImageObject","inLanguage":"de","@id":"https:\/\/esperia.tn.it\/de\/zertifizierungen\/iso-9001-iso-14001\/#primaryimage","url":"https:\/\/esperia.tn.it\/wp-content\/uploads\/2025\/09\/ManagementSysCert_ISO9001_14001_col-copia.jpg","contentUrl":"https:\/\/esperia.tn.it\/wp-content\/uploads\/2025\/09\/ManagementSysCert_ISO9001_14001_col-copia.jpg","width":550,"height":510},{"@type":"BreadcrumbList","@id":"https:\/\/esperia.tn.it\/de\/zertifizierungen\/iso-9001-iso-14001\/#breadcrumb","itemListElement":[{"@type":"ListItem","position":1,"name":"Home","item":"https:\/\/esperia.tn.it\/de\/"},{"@type":"ListItem","position":2,"name":"Zertifizierungen","item":"https:\/\/esperia.tn.it\/de\/zertifizierungen\/"},{"@type":"ListItem","position":3,"name":"ISO 9001 &#8211; ISO 14001"}]},{"@type":"WebSite","@id":"https:\/\/esperia.tn.it\/#website","url":"https:\/\/esperia.tn.it\/","name":"Esperia","description":"Print evolution","potentialAction":[{"@type":"SearchAction","target":{"@type":"EntryPoint","urlTemplate":"https:\/\/esperia.tn.it\/?s={search_term_string}"},"query-input":{"@type":"PropertyValueSpecification","valueRequired":true,"valueName":"search_term_string"}}],"inLanguage":"de"}]}},"_links":{"self":[{"href":"https:\/\/esperia.tn.it\/de\/wp-json\/wp\/v2\/pages\/2459","targetHints":{"allow":["GET"]}}],"collection":[{"href":"https:\/\/esperia.tn.it\/de\/wp-json\/wp\/v2\/pages"}],"about":[{"href":"https:\/\/esperia.tn.it\/de\/wp-json\/wp\/v2\/types\/page"}],"author":[{"embeddable":true,"href":"https:\/\/esperia.tn.it\/de\/wp-json\/wp\/v2\/users\/1"}],"replies":[{"embeddable":true,"href":"https:\/\/esperia.tn.it\/de\/wp-json\/wp\/v2\/comments?post=2459"}],"version-history":[{"count":2,"href":"https:\/\/esperia.tn.it\/de\/wp-json\/wp\/v2\/pages\/2459\/revisions"}],"predecessor-version":[{"id":2682,"href":"https:\/\/esperia.tn.it\/de\/wp-json\/wp\/v2\/pages\/2459\/revisions\/2682"}],"up":[{"embeddable":true,"href":"https:\/\/esperia.tn.it\/de\/wp-json\/wp\/v2\/pages\/2456"}],"wp:featuredmedia":[{"embeddable":true,"href":"https:\/\/esperia.tn.it\/de\/wp-json\/wp\/v2\/media\/2688"}],"wp:attachment":[{"href":"https:\/\/esperia.tn.it\/de\/wp-json\/wp\/v2\/media?parent=2459"}],"curies":[{"name":"wp","href":"https:\/\/api.w.org\/{rel}","templated":true}]}}