 {"id":2453,"date":"2022-06-14T09:59:05","date_gmt":"2022-06-14T07:59:05","guid":{"rendered":"https:\/\/esperia.tn.it\/dienstleistungen-und-produkte\/altri-servizi\/"},"modified":"2024-02-05T11:18:48","modified_gmt":"2024-02-05T10:18:48","slug":"weitere-dienstleistungen","status":"publish","type":"page","link":"https:\/\/esperia.tn.it\/de\/dienstleistungen-und-produkte\/weitere-dienstleistungen\/","title":{"rendered":"Weitere Dienstleistungen"},"content":{"rendered":"<p>Esperia k\u00fcmmert sich nicht nur um die Produkte, sondern auch um die Kunden in allen Phasen der Arbeit, um deren Projektziele zu unterst\u00fctzen und zu optimieren. Hilfsbereitschaft, logistisches Fachwissen und die besondere Aufmerksamkeit bei organisatorischen Aspekten erg\u00e4nzen unsere Dienstleistungen.<\/p>\n<p>&nbsp;<\/p>\n<p>Vor\u00fcbergehende Lagerung<\/p>\n<ul>\n<li>Vor\u00fcbergehende Lagerung von Fertigprodukten<\/li>\n<\/ul>\n<p>Ma\u00dfgeschneiderte und personalisierte Lieferungen<\/p>\n<ul>\n<li>Personalisierung der Verpackung und Materialzustellung nach Kundenvorgabe<\/li>\n<\/ul>\n<p>\nPostversandservice<\/p>\n<ul>\n<li>Verwaltung der Kundenlisten, Etikettierung und Sortierung nach Postrichtlinien<\/li>\n<li>Verwaltung des Versands \u00fcber die Post oder andere Versanddienste im Namen des Kunden<\/li>\n<\/ul>\n","protected":false},"excerpt":{"rendered":"<p>Esperia k\u00fcmmert sich nicht nur um die Produkte, sondern auch um die Kunden in allen Phasen der Arbeit, um deren Projektziele zu unterst\u00fctzen und zu optimieren. Hilfsbereitschaft, logistisches Fachwissen und die besondere Aufmerksamkeit bei organisatorischen Aspekten erg\u00e4nzen unsere Dienstleistungen. &nbsp; Vor\u00fcbergehende Lagerung Vor\u00fcbergehende Lagerung von Fertigprodukten Ma\u00dfgeschneiderte und personalisierte Lieferungen Personalisierung der Verpackung und Materialzustellung [&hellip;]<\/p>\n","protected":false},"author":1,"featured_media":1890,"parent":2433,"menu_order":4,"comment_status":"closed","ping_status":"closed","template":"interna-blocchi.php","meta":{"_acf_changed":false,"footnotes":""},"class_list":["post-2453","page","type-page","status-publish","has-post-thumbnail","hentry"],"acf":[],"yoast_head":"<!-- This site is optimized with the Yoast SEO plugin v27.2 - https:\/\/yoast.com\/product\/yoast-seo-wordpress\/ -->\n<title>Weitere Dienstleistungen - Esperia<\/title>\n<meta name=\"robots\" content=\"index, follow, max-snippet:-1, max-image-preview:large, max-video-preview:-1\" \/>\n<link rel=\"canonical\" href=\"https:\/\/esperia.tn.it\/de\/dienstleistungen-und-produkte\/weitere-dienstleistungen\/\" \/>\n<meta name=\"twitter:label1\" content=\"Gesch\u00e4tzte Lesezeit\" \/>\n\t<meta name=\"twitter:data1\" content=\"1\u00a0Minute\" \/>\n<script type=\"application\/ld+json\" class=\"yoast-schema-graph\">{\"@context\":\"https:\/\/schema.org\",\"@graph\":[{\"@type\":\"WebPage\",\"@id\":\"https:\/\/esperia.tn.it\/de\/dienstleistungen-und-produkte\/weitere-dienstleistungen\/\",\"url\":\"https:\/\/esperia.tn.it\/de\/dienstleistungen-und-produkte\/weitere-dienstleistungen\/\",\"name\":\"Weitere Dienstleistungen - Esperia\",\"isPartOf\":{\"@id\":\"https:\/\/esperia.tn.it\/#website\"},\"primaryImageOfPage\":{\"@id\":\"https:\/\/esperia.tn.it\/de\/dienstleistungen-und-produkte\/weitere-dienstleistungen\/#primaryimage\"},\"image\":{\"@id\":\"https:\/\/esperia.tn.it\/de\/dienstleistungen-und-produkte\/weitere-dienstleistungen\/#primaryimage\"},\"thumbnailUrl\":\"https:\/\/esperia.tn.it\/wp-content\/uploads\/2018\/11\/stoccaggio.jpg\",\"datePublished\":\"2022-06-14T07:59:05+00:00\",\"dateModified\":\"2024-02-05T10:18:48+00:00\",\"breadcrumb\":{\"@id\":\"https:\/\/esperia.tn.it\/de\/dienstleistungen-und-produkte\/weitere-dienstleistungen\/#breadcrumb\"},\"inLanguage\":\"de\",\"potentialAction\":[{\"@type\":\"ReadAction\",\"target\":[\"https:\/\/esperia.tn.it\/de\/dienstleistungen-und-produkte\/weitere-dienstleistungen\/\"]}]},{\"@type\":\"ImageObject\",\"inLanguage\":\"de\",\"@id\":\"https:\/\/esperia.tn.it\/de\/dienstleistungen-und-produkte\/weitere-dienstleistungen\/#primaryimage\",\"url\":\"https:\/\/esperia.tn.it\/wp-content\/uploads\/2018\/11\/stoccaggio.jpg\",\"contentUrl\":\"https:\/\/esperia.tn.it\/wp-content\/uploads\/2018\/11\/stoccaggio.jpg\",\"width\":2048,\"height\":1367},{\"@type\":\"BreadcrumbList\",\"@id\":\"https:\/\/esperia.tn.it\/de\/dienstleistungen-und-produkte\/weitere-dienstleistungen\/#breadcrumb\",\"itemListElement\":[{\"@type\":\"ListItem\",\"position\":1,\"name\":\"Home\",\"item\":\"https:\/\/esperia.tn.it\/de\/\"},{\"@type\":\"ListItem\",\"position\":2,\"name\":\"Dienstleistungen und Produkte\",\"item\":\"https:\/\/esperia.tn.it\/de\/dienstleistungen-und-produkte\/\"},{\"@type\":\"ListItem\",\"position\":3,\"name\":\"Weitere Dienstleistungen\"}]},{\"@type\":\"WebSite\",\"@id\":\"https:\/\/esperia.tn.it\/#website\",\"url\":\"https:\/\/esperia.tn.it\/\",\"name\":\"Esperia\",\"description\":\"Print evolution\",\"potentialAction\":[{\"@type\":\"SearchAction\",\"target\":{\"@type\":\"EntryPoint\",\"urlTemplate\":\"https:\/\/esperia.tn.it\/?s={search_term_string}\"},\"query-input\":{\"@type\":\"PropertyValueSpecification\",\"valueRequired\":true,\"valueName\":\"search_term_string\"}}],\"inLanguage\":\"de\"}]}<\/script>\n<!-- \/ Yoast SEO plugin. -->","yoast_head_json":{"title":"Weitere Dienstleistungen - Esperia","robots":{"index":"index","follow":"follow","max-snippet":"max-snippet:-1","max-image-preview":"max-image-preview:large","max-video-preview":"max-video-preview:-1"},"canonical":"https:\/\/esperia.tn.it\/de\/dienstleistungen-und-produkte\/weitere-dienstleistungen\/","twitter_misc":{"Gesch\u00e4tzte Lesezeit":"1\u00a0Minute"},"schema":{"@context":"https:\/\/schema.org","@graph":[{"@type":"WebPage","@id":"https:\/\/esperia.tn.it\/de\/dienstleistungen-und-produkte\/weitere-dienstleistungen\/","url":"https:\/\/esperia.tn.it\/de\/dienstleistungen-und-produkte\/weitere-dienstleistungen\/","name":"Weitere Dienstleistungen - Esperia","isPartOf":{"@id":"https:\/\/esperia.tn.it\/#website"},"primaryImageOfPage":{"@id":"https:\/\/esperia.tn.it\/de\/dienstleistungen-und-produkte\/weitere-dienstleistungen\/#primaryimage"},"image":{"@id":"https:\/\/esperia.tn.it\/de\/dienstleistungen-und-produkte\/weitere-dienstleistungen\/#primaryimage"},"thumbnailUrl":"https:\/\/esperia.tn.it\/wp-content\/uploads\/2018\/11\/stoccaggio.jpg","datePublished":"2022-06-14T07:59:05+00:00","dateModified":"2024-02-05T10:18:48+00:00","breadcrumb":{"@id":"https:\/\/esperia.tn.it\/de\/dienstleistungen-und-produkte\/weitere-dienstleistungen\/#breadcrumb"},"inLanguage":"de","potentialAction":[{"@type":"ReadAction","target":["https:\/\/esperia.tn.it\/de\/dienstleistungen-und-produkte\/weitere-dienstleistungen\/"]}]},{"@type":"ImageObject","inLanguage":"de","@id":"https:\/\/esperia.tn.it\/de\/dienstleistungen-und-produkte\/weitere-dienstleistungen\/#primaryimage","url":"https:\/\/esperia.tn.it\/wp-content\/uploads\/2018\/11\/stoccaggio.jpg","contentUrl":"https:\/\/esperia.tn.it\/wp-content\/uploads\/2018\/11\/stoccaggio.jpg","width":2048,"height":1367},{"@type":"BreadcrumbList","@id":"https:\/\/esperia.tn.it\/de\/dienstleistungen-und-produkte\/weitere-dienstleistungen\/#breadcrumb","itemListElement":[{"@type":"ListItem","position":1,"name":"Home","item":"https:\/\/esperia.tn.it\/de\/"},{"@type":"ListItem","position":2,"name":"Dienstleistungen und Produkte","item":"https:\/\/esperia.tn.it\/de\/dienstleistungen-und-produkte\/"},{"@type":"ListItem","position":3,"name":"Weitere Dienstleistungen"}]},{"@type":"WebSite","@id":"https:\/\/esperia.tn.it\/#website","url":"https:\/\/esperia.tn.it\/","name":"Esperia","description":"Print evolution","potentialAction":[{"@type":"SearchAction","target":{"@type":"EntryPoint","urlTemplate":"https:\/\/esperia.tn.it\/?s={search_term_string}"},"query-input":{"@type":"PropertyValueSpecification","valueRequired":true,"valueName":"search_term_string"}}],"inLanguage":"de"}]}},"_links":{"self":[{"href":"https:\/\/esperia.tn.it\/de\/wp-json\/wp\/v2\/pages\/2453","targetHints":{"allow":["GET"]}}],"collection":[{"href":"https:\/\/esperia.tn.it\/de\/wp-json\/wp\/v2\/pages"}],"about":[{"href":"https:\/\/esperia.tn.it\/de\/wp-json\/wp\/v2\/types\/page"}],"author":[{"embeddable":true,"href":"https:\/\/esperia.tn.it\/de\/wp-json\/wp\/v2\/users\/1"}],"replies":[{"embeddable":true,"href":"https:\/\/esperia.tn.it\/de\/wp-json\/wp\/v2\/comments?post=2453"}],"version-history":[{"count":2,"href":"https:\/\/esperia.tn.it\/de\/wp-json\/wp\/v2\/pages\/2453\/revisions"}],"predecessor-version":[{"id":2455,"href":"https:\/\/esperia.tn.it\/de\/wp-json\/wp\/v2\/pages\/2453\/revisions\/2455"}],"up":[{"embeddable":true,"href":"https:\/\/esperia.tn.it\/de\/wp-json\/wp\/v2\/pages\/2433"}],"wp:featuredmedia":[{"embeddable":true,"href":"https:\/\/esperia.tn.it\/de\/wp-json\/wp\/v2\/media\/1890"}],"wp:attachment":[{"href":"https:\/\/esperia.tn.it\/de\/wp-json\/wp\/v2\/media?parent=2453"}],"curies":[{"name":"wp","href":"https:\/\/api.w.org\/{rel}","templated":true}]}}