 {"id":2446,"date":"2018-11-19T15:40:23","date_gmt":"2018-11-19T14:40:23","guid":{"rendered":"https:\/\/esperia.tn.it\/dienstleistungen-und-produkte\/packaging\/"},"modified":"2024-02-05T11:00:59","modified_gmt":"2024-02-05T10:00:59","slug":"verpackung","status":"publish","type":"page","link":"https:\/\/esperia.tn.it\/de\/dienstleistungen-und-produkte\/verpackung\/","title":{"rendered":"Verpackung"},"content":{"rendered":"<div class=\"page\" title=\"Page 5\">\n<div class=\"layoutArea\">\n<div class=\"column\">\n<p>Was ist die richtige Verkleidung, um ein Produkt ansprechender zu machen? Was braucht man wirklich, um es zu sch\u00fctzen, praktischer und weniger sperrig zu machen und den Verkauf sogar zu vereinfachen? Vorgefertigte L\u00f6sungen sind fast nie optimal. Um wettbewerbsf\u00e4hig zu sein, muss man sich auszeichnen k\u00f6nnen und die Verpackung ist daher oft genauso wichtig wie der Inhalt. Der Prozess des Entwurfes und der Realisierung einer neuen Verpackung umfasst einige unverzichtbare Schritte:<\/p>\n<p>eine extrem ausf\u00fchrliche Analyse der Gesamtma\u00dfe, um Raumverschwendung zu vermeiden und um die optimalsten Leistungen und Kopierkosten zu ermitteln; Prototypen und Muster zur \u00dcberpr\u00fcfung von Robustheit, Elastizit\u00e4t, Verdruckbarkeit und Montagefreundlichkeit; Testl\u00e4ufe und Einrichtungstests. Dadurch werden keine Spr\u00fcnge ins Ungewisse gemacht und die Verkleidung ist wirklich ma\u00dfgeschneidert<\/p>\n<\/div>\n<\/div>\n<\/div>\n","protected":false},"excerpt":{"rendered":"<p>Was ist die richtige Verkleidung, um ein Produkt ansprechender zu machen? Was braucht man wirklich, um es zu sch\u00fctzen, praktischer und weniger sperrig zu machen und den Verkauf sogar zu vereinfachen? Vorgefertigte L\u00f6sungen sind fast nie optimal. Um wettbewerbsf\u00e4hig zu sein, muss man sich auszeichnen k\u00f6nnen und die Verpackung ist daher oft genauso wichtig wie [&hellip;]<\/p>\n","protected":false},"author":1,"featured_media":2405,"parent":2433,"menu_order":3,"comment_status":"closed","ping_status":"closed","template":"interna-blocchi.php","meta":{"_acf_changed":false,"footnotes":""},"class_list":["post-2446","page","type-page","status-publish","has-post-thumbnail","hentry"],"acf":[],"yoast_head":"<!-- This site is optimized with the Yoast SEO plugin v27.4 - https:\/\/yoast.com\/product\/yoast-seo-wordpress\/ -->\n<title>Verpackung - Esperia<\/title>\n<meta name=\"robots\" content=\"index, follow, max-snippet:-1, max-image-preview:large, max-video-preview:-1\" \/>\n<link rel=\"canonical\" href=\"https:\/\/esperia.tn.it\/de\/dienstleistungen-und-produkte\/verpackung\/\" \/>\n<meta name=\"twitter:label1\" content=\"Gesch\u00e4tzte Lesezeit\" \/>\n\t<meta name=\"twitter:data1\" content=\"1\u00a0Minute\" \/>\n<script type=\"application\/ld+json\" class=\"yoast-schema-graph\">{\"@context\":\"https:\\\/\\\/schema.org\",\"@graph\":[{\"@type\":\"WebPage\",\"@id\":\"https:\\\/\\\/esperia.tn.it\\\/de\\\/dienstleistungen-und-produkte\\\/verpackung\\\/\",\"url\":\"https:\\\/\\\/esperia.tn.it\\\/de\\\/dienstleistungen-und-produkte\\\/verpackung\\\/\",\"name\":\"Verpackung - Esperia\",\"isPartOf\":{\"@id\":\"https:\\\/\\\/esperia.tn.it\\\/#website\"},\"primaryImageOfPage\":{\"@id\":\"https:\\\/\\\/esperia.tn.it\\\/de\\\/dienstleistungen-und-produkte\\\/verpackung\\\/#primaryimage\"},\"image\":{\"@id\":\"https:\\\/\\\/esperia.tn.it\\\/de\\\/dienstleistungen-und-produkte\\\/verpackung\\\/#primaryimage\"},\"thumbnailUrl\":\"https:\\\/\\\/esperia.tn.it\\\/wp-content\\\/uploads\\\/2022\\\/07\\\/4-scaled.jpg\",\"datePublished\":\"2018-11-19T14:40:23+00:00\",\"dateModified\":\"2024-02-05T10:00:59+00:00\",\"breadcrumb\":{\"@id\":\"https:\\\/\\\/esperia.tn.it\\\/de\\\/dienstleistungen-und-produkte\\\/verpackung\\\/#breadcrumb\"},\"inLanguage\":\"de\",\"potentialAction\":[{\"@type\":\"ReadAction\",\"target\":[\"https:\\\/\\\/esperia.tn.it\\\/de\\\/dienstleistungen-und-produkte\\\/verpackung\\\/\"]}]},{\"@type\":\"ImageObject\",\"inLanguage\":\"de\",\"@id\":\"https:\\\/\\\/esperia.tn.it\\\/de\\\/dienstleistungen-und-produkte\\\/verpackung\\\/#primaryimage\",\"url\":\"https:\\\/\\\/esperia.tn.it\\\/wp-content\\\/uploads\\\/2022\\\/07\\\/4-scaled.jpg\",\"contentUrl\":\"https:\\\/\\\/esperia.tn.it\\\/wp-content\\\/uploads\\\/2022\\\/07\\\/4-scaled.jpg\",\"width\":2560,\"height\":2560},{\"@type\":\"BreadcrumbList\",\"@id\":\"https:\\\/\\\/esperia.tn.it\\\/de\\\/dienstleistungen-und-produkte\\\/verpackung\\\/#breadcrumb\",\"itemListElement\":[{\"@type\":\"ListItem\",\"position\":1,\"name\":\"Home\",\"item\":\"https:\\\/\\\/esperia.tn.it\\\/de\\\/\"},{\"@type\":\"ListItem\",\"position\":2,\"name\":\"Dienstleistungen und Produkte\",\"item\":\"https:\\\/\\\/esperia.tn.it\\\/de\\\/dienstleistungen-und-produkte\\\/\"},{\"@type\":\"ListItem\",\"position\":3,\"name\":\"Verpackung\"}]},{\"@type\":\"WebSite\",\"@id\":\"https:\\\/\\\/esperia.tn.it\\\/#website\",\"url\":\"https:\\\/\\\/esperia.tn.it\\\/\",\"name\":\"Esperia\",\"description\":\"Print evolution\",\"potentialAction\":[{\"@type\":\"SearchAction\",\"target\":{\"@type\":\"EntryPoint\",\"urlTemplate\":\"https:\\\/\\\/esperia.tn.it\\\/?s={search_term_string}\"},\"query-input\":{\"@type\":\"PropertyValueSpecification\",\"valueRequired\":true,\"valueName\":\"search_term_string\"}}],\"inLanguage\":\"de\"}]}<\/script>\n<!-- \/ Yoast SEO plugin. -->","yoast_head_json":{"title":"Verpackung - Esperia","robots":{"index":"index","follow":"follow","max-snippet":"max-snippet:-1","max-image-preview":"max-image-preview:large","max-video-preview":"max-video-preview:-1"},"canonical":"https:\/\/esperia.tn.it\/de\/dienstleistungen-und-produkte\/verpackung\/","twitter_misc":{"Gesch\u00e4tzte Lesezeit":"1\u00a0Minute"},"schema":{"@context":"https:\/\/schema.org","@graph":[{"@type":"WebPage","@id":"https:\/\/esperia.tn.it\/de\/dienstleistungen-und-produkte\/verpackung\/","url":"https:\/\/esperia.tn.it\/de\/dienstleistungen-und-produkte\/verpackung\/","name":"Verpackung - Esperia","isPartOf":{"@id":"https:\/\/esperia.tn.it\/#website"},"primaryImageOfPage":{"@id":"https:\/\/esperia.tn.it\/de\/dienstleistungen-und-produkte\/verpackung\/#primaryimage"},"image":{"@id":"https:\/\/esperia.tn.it\/de\/dienstleistungen-und-produkte\/verpackung\/#primaryimage"},"thumbnailUrl":"https:\/\/esperia.tn.it\/wp-content\/uploads\/2022\/07\/4-scaled.jpg","datePublished":"2018-11-19T14:40:23+00:00","dateModified":"2024-02-05T10:00:59+00:00","breadcrumb":{"@id":"https:\/\/esperia.tn.it\/de\/dienstleistungen-und-produkte\/verpackung\/#breadcrumb"},"inLanguage":"de","potentialAction":[{"@type":"ReadAction","target":["https:\/\/esperia.tn.it\/de\/dienstleistungen-und-produkte\/verpackung\/"]}]},{"@type":"ImageObject","inLanguage":"de","@id":"https:\/\/esperia.tn.it\/de\/dienstleistungen-und-produkte\/verpackung\/#primaryimage","url":"https:\/\/esperia.tn.it\/wp-content\/uploads\/2022\/07\/4-scaled.jpg","contentUrl":"https:\/\/esperia.tn.it\/wp-content\/uploads\/2022\/07\/4-scaled.jpg","width":2560,"height":2560},{"@type":"BreadcrumbList","@id":"https:\/\/esperia.tn.it\/de\/dienstleistungen-und-produkte\/verpackung\/#breadcrumb","itemListElement":[{"@type":"ListItem","position":1,"name":"Home","item":"https:\/\/esperia.tn.it\/de\/"},{"@type":"ListItem","position":2,"name":"Dienstleistungen und Produkte","item":"https:\/\/esperia.tn.it\/de\/dienstleistungen-und-produkte\/"},{"@type":"ListItem","position":3,"name":"Verpackung"}]},{"@type":"WebSite","@id":"https:\/\/esperia.tn.it\/#website","url":"https:\/\/esperia.tn.it\/","name":"Esperia","description":"Print evolution","potentialAction":[{"@type":"SearchAction","target":{"@type":"EntryPoint","urlTemplate":"https:\/\/esperia.tn.it\/?s={search_term_string}"},"query-input":{"@type":"PropertyValueSpecification","valueRequired":true,"valueName":"search_term_string"}}],"inLanguage":"de"}]}},"_links":{"self":[{"href":"https:\/\/esperia.tn.it\/de\/wp-json\/wp\/v2\/pages\/2446","targetHints":{"allow":["GET"]}}],"collection":[{"href":"https:\/\/esperia.tn.it\/de\/wp-json\/wp\/v2\/pages"}],"about":[{"href":"https:\/\/esperia.tn.it\/de\/wp-json\/wp\/v2\/types\/page"}],"author":[{"embeddable":true,"href":"https:\/\/esperia.tn.it\/de\/wp-json\/wp\/v2\/users\/1"}],"replies":[{"embeddable":true,"href":"https:\/\/esperia.tn.it\/de\/wp-json\/wp\/v2\/comments?post=2446"}],"version-history":[{"count":2,"href":"https:\/\/esperia.tn.it\/de\/wp-json\/wp\/v2\/pages\/2446\/revisions"}],"predecessor-version":[{"id":2448,"href":"https:\/\/esperia.tn.it\/de\/wp-json\/wp\/v2\/pages\/2446\/revisions\/2448"}],"up":[{"embeddable":true,"href":"https:\/\/esperia.tn.it\/de\/wp-json\/wp\/v2\/pages\/2433"}],"wp:featuredmedia":[{"embeddable":true,"href":"https:\/\/esperia.tn.it\/de\/wp-json\/wp\/v2\/media\/2405"}],"wp:attachment":[{"href":"https:\/\/esperia.tn.it\/de\/wp-json\/wp\/v2\/media?parent=2446"}],"curies":[{"name":"wp","href":"https:\/\/api.w.org\/{rel}","templated":true}]}}