 {"id":2440,"date":"2018-11-19T15:38:30","date_gmt":"2018-11-19T14:38:30","guid":{"rendered":"https:\/\/esperia.tn.it\/dienstleistungen-und-produkte\/prodotti-editoriali\/"},"modified":"2024-02-05T10:54:14","modified_gmt":"2024-02-05T09:54:14","slug":"verlagsprodukte","status":"publish","type":"page","link":"https:\/\/esperia.tn.it\/de\/dienstleistungen-und-produkte\/verlagsprodukte\/","title":{"rendered":"Verlagsprodukte"},"content":{"rendered":"<p>Heutzutage ist ein Buch vor allem ein Gegenstand. Es muss wertvoll und \u00e4sthetisch ansprechend sein und den Stil seines K\u00fcnstlers darstellen k\u00f6nnen. Der Kunstfreiheit d\u00fcrfen wir keine Einschr\u00e4nkungen setzen. Wir m\u00fcssen den Mut haben, etwas zu schaffen, was neu, einzigartig und somit auch komplex und empfindlich ist. Daf\u00fcr werden Pr\u00e4zision, Weitsicht und die angemessenen Instrumente ben\u00f6tigt, um die Ergebnisse im Voraus zu pr\u00fcfen (wie Drucktests und Wei\u00dfmuster), aber auch viel Flexibilit\u00e4t und ein breites Spektrum an Techniken und gepr\u00fcften L\u00f6sungen. Dies sind wertvolle Ressourcen, die wir zur Verf\u00fcgung stellen.<\/p>\n","protected":false},"excerpt":{"rendered":"<p>Heutzutage ist ein Buch vor allem ein Gegenstand. Es muss wertvoll und \u00e4sthetisch ansprechend sein und den Stil seines K\u00fcnstlers darstellen k\u00f6nnen. Der Kunstfreiheit d\u00fcrfen wir keine Einschr\u00e4nkungen setzen. Wir m\u00fcssen den Mut haben, etwas zu schaffen, was neu, einzigartig und somit auch komplex und empfindlich ist. Daf\u00fcr werden Pr\u00e4zision, Weitsicht und die angemessenen Instrumente [&hellip;]<\/p>\n","protected":false},"author":1,"featured_media":2154,"parent":2433,"menu_order":1,"comment_status":"closed","ping_status":"closed","template":"interna-blocchi.php","meta":{"_acf_changed":false,"footnotes":""},"class_list":["post-2440","page","type-page","status-publish","has-post-thumbnail","hentry"],"acf":[],"yoast_head":"<!-- This site is optimized with the Yoast SEO plugin v27.4 - https:\/\/yoast.com\/product\/yoast-seo-wordpress\/ -->\n<title>Verlagsprodukte - Esperia<\/title>\n<meta name=\"robots\" content=\"index, follow, max-snippet:-1, max-image-preview:large, max-video-preview:-1\" \/>\n<link rel=\"canonical\" href=\"https:\/\/esperia.tn.it\/de\/dienstleistungen-und-produkte\/verlagsprodukte\/\" \/>\n<meta name=\"twitter:label1\" content=\"Gesch\u00e4tzte Lesezeit\" \/>\n\t<meta name=\"twitter:data1\" content=\"1\u00a0Minute\" \/>\n<script type=\"application\/ld+json\" class=\"yoast-schema-graph\">{\"@context\":\"https:\\\/\\\/schema.org\",\"@graph\":[{\"@type\":\"WebPage\",\"@id\":\"https:\\\/\\\/esperia.tn.it\\\/de\\\/dienstleistungen-und-produkte\\\/verlagsprodukte\\\/\",\"url\":\"https:\\\/\\\/esperia.tn.it\\\/de\\\/dienstleistungen-und-produkte\\\/verlagsprodukte\\\/\",\"name\":\"Verlagsprodukte - Esperia\",\"isPartOf\":{\"@id\":\"https:\\\/\\\/esperia.tn.it\\\/#website\"},\"primaryImageOfPage\":{\"@id\":\"https:\\\/\\\/esperia.tn.it\\\/de\\\/dienstleistungen-und-produkte\\\/verlagsprodukte\\\/#primaryimage\"},\"image\":{\"@id\":\"https:\\\/\\\/esperia.tn.it\\\/de\\\/dienstleistungen-und-produkte\\\/verlagsprodukte\\\/#primaryimage\"},\"thumbnailUrl\":\"https:\\\/\\\/esperia.tn.it\\\/wp-content\\\/uploads\\\/2022\\\/06\\\/editoria-HP.jpg\",\"datePublished\":\"2018-11-19T14:38:30+00:00\",\"dateModified\":\"2024-02-05T09:54:14+00:00\",\"breadcrumb\":{\"@id\":\"https:\\\/\\\/esperia.tn.it\\\/de\\\/dienstleistungen-und-produkte\\\/verlagsprodukte\\\/#breadcrumb\"},\"inLanguage\":\"de\",\"potentialAction\":[{\"@type\":\"ReadAction\",\"target\":[\"https:\\\/\\\/esperia.tn.it\\\/de\\\/dienstleistungen-und-produkte\\\/verlagsprodukte\\\/\"]}]},{\"@type\":\"ImageObject\",\"inLanguage\":\"de\",\"@id\":\"https:\\\/\\\/esperia.tn.it\\\/de\\\/dienstleistungen-und-produkte\\\/verlagsprodukte\\\/#primaryimage\",\"url\":\"https:\\\/\\\/esperia.tn.it\\\/wp-content\\\/uploads\\\/2022\\\/06\\\/editoria-HP.jpg\",\"contentUrl\":\"https:\\\/\\\/esperia.tn.it\\\/wp-content\\\/uploads\\\/2022\\\/06\\\/editoria-HP.jpg\",\"width\":1654,\"height\":1654},{\"@type\":\"BreadcrumbList\",\"@id\":\"https:\\\/\\\/esperia.tn.it\\\/de\\\/dienstleistungen-und-produkte\\\/verlagsprodukte\\\/#breadcrumb\",\"itemListElement\":[{\"@type\":\"ListItem\",\"position\":1,\"name\":\"Home\",\"item\":\"https:\\\/\\\/esperia.tn.it\\\/de\\\/\"},{\"@type\":\"ListItem\",\"position\":2,\"name\":\"Dienstleistungen und Produkte\",\"item\":\"https:\\\/\\\/esperia.tn.it\\\/de\\\/dienstleistungen-und-produkte\\\/\"},{\"@type\":\"ListItem\",\"position\":3,\"name\":\"Verlagsprodukte\"}]},{\"@type\":\"WebSite\",\"@id\":\"https:\\\/\\\/esperia.tn.it\\\/#website\",\"url\":\"https:\\\/\\\/esperia.tn.it\\\/\",\"name\":\"Esperia\",\"description\":\"Print evolution\",\"potentialAction\":[{\"@type\":\"SearchAction\",\"target\":{\"@type\":\"EntryPoint\",\"urlTemplate\":\"https:\\\/\\\/esperia.tn.it\\\/?s={search_term_string}\"},\"query-input\":{\"@type\":\"PropertyValueSpecification\",\"valueRequired\":true,\"valueName\":\"search_term_string\"}}],\"inLanguage\":\"de\"}]}<\/script>\n<!-- \/ Yoast SEO plugin. -->","yoast_head_json":{"title":"Verlagsprodukte - Esperia","robots":{"index":"index","follow":"follow","max-snippet":"max-snippet:-1","max-image-preview":"max-image-preview:large","max-video-preview":"max-video-preview:-1"},"canonical":"https:\/\/esperia.tn.it\/de\/dienstleistungen-und-produkte\/verlagsprodukte\/","twitter_misc":{"Gesch\u00e4tzte Lesezeit":"1\u00a0Minute"},"schema":{"@context":"https:\/\/schema.org","@graph":[{"@type":"WebPage","@id":"https:\/\/esperia.tn.it\/de\/dienstleistungen-und-produkte\/verlagsprodukte\/","url":"https:\/\/esperia.tn.it\/de\/dienstleistungen-und-produkte\/verlagsprodukte\/","name":"Verlagsprodukte - Esperia","isPartOf":{"@id":"https:\/\/esperia.tn.it\/#website"},"primaryImageOfPage":{"@id":"https:\/\/esperia.tn.it\/de\/dienstleistungen-und-produkte\/verlagsprodukte\/#primaryimage"},"image":{"@id":"https:\/\/esperia.tn.it\/de\/dienstleistungen-und-produkte\/verlagsprodukte\/#primaryimage"},"thumbnailUrl":"https:\/\/esperia.tn.it\/wp-content\/uploads\/2022\/06\/editoria-HP.jpg","datePublished":"2018-11-19T14:38:30+00:00","dateModified":"2024-02-05T09:54:14+00:00","breadcrumb":{"@id":"https:\/\/esperia.tn.it\/de\/dienstleistungen-und-produkte\/verlagsprodukte\/#breadcrumb"},"inLanguage":"de","potentialAction":[{"@type":"ReadAction","target":["https:\/\/esperia.tn.it\/de\/dienstleistungen-und-produkte\/verlagsprodukte\/"]}]},{"@type":"ImageObject","inLanguage":"de","@id":"https:\/\/esperia.tn.it\/de\/dienstleistungen-und-produkte\/verlagsprodukte\/#primaryimage","url":"https:\/\/esperia.tn.it\/wp-content\/uploads\/2022\/06\/editoria-HP.jpg","contentUrl":"https:\/\/esperia.tn.it\/wp-content\/uploads\/2022\/06\/editoria-HP.jpg","width":1654,"height":1654},{"@type":"BreadcrumbList","@id":"https:\/\/esperia.tn.it\/de\/dienstleistungen-und-produkte\/verlagsprodukte\/#breadcrumb","itemListElement":[{"@type":"ListItem","position":1,"name":"Home","item":"https:\/\/esperia.tn.it\/de\/"},{"@type":"ListItem","position":2,"name":"Dienstleistungen und Produkte","item":"https:\/\/esperia.tn.it\/de\/dienstleistungen-und-produkte\/"},{"@type":"ListItem","position":3,"name":"Verlagsprodukte"}]},{"@type":"WebSite","@id":"https:\/\/esperia.tn.it\/#website","url":"https:\/\/esperia.tn.it\/","name":"Esperia","description":"Print evolution","potentialAction":[{"@type":"SearchAction","target":{"@type":"EntryPoint","urlTemplate":"https:\/\/esperia.tn.it\/?s={search_term_string}"},"query-input":{"@type":"PropertyValueSpecification","valueRequired":true,"valueName":"search_term_string"}}],"inLanguage":"de"}]}},"_links":{"self":[{"href":"https:\/\/esperia.tn.it\/de\/wp-json\/wp\/v2\/pages\/2440","targetHints":{"allow":["GET"]}}],"collection":[{"href":"https:\/\/esperia.tn.it\/de\/wp-json\/wp\/v2\/pages"}],"about":[{"href":"https:\/\/esperia.tn.it\/de\/wp-json\/wp\/v2\/types\/page"}],"author":[{"embeddable":true,"href":"https:\/\/esperia.tn.it\/de\/wp-json\/wp\/v2\/users\/1"}],"replies":[{"embeddable":true,"href":"https:\/\/esperia.tn.it\/de\/wp-json\/wp\/v2\/comments?post=2440"}],"version-history":[{"count":2,"href":"https:\/\/esperia.tn.it\/de\/wp-json\/wp\/v2\/pages\/2440\/revisions"}],"predecessor-version":[{"id":2442,"href":"https:\/\/esperia.tn.it\/de\/wp-json\/wp\/v2\/pages\/2440\/revisions\/2442"}],"up":[{"embeddable":true,"href":"https:\/\/esperia.tn.it\/de\/wp-json\/wp\/v2\/pages\/2433"}],"wp:featuredmedia":[{"embeddable":true,"href":"https:\/\/esperia.tn.it\/de\/wp-json\/wp\/v2\/media\/2154"}],"wp:attachment":[{"href":"https:\/\/esperia.tn.it\/de\/wp-json\/wp\/v2\/media?parent=2440"}],"curies":[{"name":"wp","href":"https:\/\/api.w.org\/{rel}","templated":true}]}}