 {"id":2437,"date":"2018-11-19T15:38:09","date_gmt":"2018-11-19T14:38:09","guid":{"rendered":"https:\/\/esperia.tn.it\/dienstleistungen-und-produkte\/prepress\/"},"modified":"2024-02-05T12:33:52","modified_gmt":"2024-02-05T11:33:52","slug":"druckvorstufe","status":"publish","type":"page","link":"https:\/\/esperia.tn.it\/de\/dienstleistungen-und-produkte\/druckvorstufe\/","title":{"rendered":"Druckvorstufe"},"content":{"rendered":"<p>Die Aufmerksamkeit auf unsere Produkte beginnt weit vor dem Drucken. Zahlreiche Vorabkontrollen werden an den ausf\u00fchrenden Dateien durchgef\u00fchrt, bevor der Kunde sein OK gibt. Esperia verf\u00fcgt \u00fcber ein wirklich integriertes computergest\u00fctztes Produktionssystem, das es allen Beteiligten (in erster Linie dem Kunden) erm\u00f6glicht, den Fortschritt des Auftrags aus der Ferne zu verwalten und zu kontrollieren, indem sie ihn \u00fcber das Internet genehmigen oder die Projektdaten in Echtzeit \u00e4ndern.<\/p>\n<p>Unsere Abteilung f\u00fcr Druckvorstufe und Fotolithografie k\u00fcmmert sich um:<\/p>\n<ul>\n<li>Dateiverarbeitung<\/li>\n<li>Farbmanagement und ICC-Profile<\/li>\n<li>Zertifizierte Farbproben<\/li>\n<li>Durchf\u00fchrung von Maschinentests<\/li>\n<li>Kundenbetreuung bei personalisierten Projekten<\/li>\n<li>Studie und Layoutentwurf f\u00fcr neue Verpackungen<\/li>\n<li>Web Approval<\/li>\n<li>Kreativit\u00e4t und Layout<\/li>\n<\/ul>\n","protected":false},"excerpt":{"rendered":"<p>Die Aufmerksamkeit auf unsere Produkte beginnt weit vor dem Drucken. Zahlreiche Vorabkontrollen werden an den ausf\u00fchrenden Dateien durchgef\u00fchrt, bevor der Kunde sein OK gibt. Esperia verf\u00fcgt \u00fcber ein wirklich integriertes computergest\u00fctztes Produktionssystem, das es allen Beteiligten (in erster Linie dem Kunden) erm\u00f6glicht, den Fortschritt des Auftrags aus der Ferne zu verwalten und zu kontrollieren, indem [&hellip;]<\/p>\n","protected":false},"author":1,"featured_media":1744,"parent":2433,"menu_order":0,"comment_status":"closed","ping_status":"closed","template":"interna-blocchi.php","meta":{"_acf_changed":false,"footnotes":""},"class_list":["post-2437","page","type-page","status-publish","has-post-thumbnail","hentry"],"acf":[],"yoast_head":"<!-- This site is optimized with the Yoast SEO plugin v27.4 - https:\/\/yoast.com\/product\/yoast-seo-wordpress\/ -->\n<title>Druckvorstufe - Esperia<\/title>\n<meta name=\"robots\" content=\"index, follow, max-snippet:-1, max-image-preview:large, max-video-preview:-1\" \/>\n<link rel=\"canonical\" href=\"https:\/\/esperia.tn.it\/de\/dienstleistungen-und-produkte\/druckvorstufe\/\" \/>\n<meta name=\"twitter:label1\" content=\"Gesch\u00e4tzte Lesezeit\" \/>\n\t<meta name=\"twitter:data1\" content=\"1\u00a0Minute\" \/>\n<script type=\"application\/ld+json\" class=\"yoast-schema-graph\">{\"@context\":\"https:\\\/\\\/schema.org\",\"@graph\":[{\"@type\":\"WebPage\",\"@id\":\"https:\\\/\\\/esperia.tn.it\\\/de\\\/dienstleistungen-und-produkte\\\/druckvorstufe\\\/\",\"url\":\"https:\\\/\\\/esperia.tn.it\\\/de\\\/dienstleistungen-und-produkte\\\/druckvorstufe\\\/\",\"name\":\"Druckvorstufe - Esperia\",\"isPartOf\":{\"@id\":\"https:\\\/\\\/esperia.tn.it\\\/#website\"},\"primaryImageOfPage\":{\"@id\":\"https:\\\/\\\/esperia.tn.it\\\/de\\\/dienstleistungen-und-produkte\\\/druckvorstufe\\\/#primaryimage\"},\"image\":{\"@id\":\"https:\\\/\\\/esperia.tn.it\\\/de\\\/dienstleistungen-und-produkte\\\/druckvorstufe\\\/#primaryimage\"},\"thumbnailUrl\":\"https:\\\/\\\/esperia.tn.it\\\/wp-content\\\/uploads\\\/2018\\\/11\\\/prepress.jpg\",\"datePublished\":\"2018-11-19T14:38:09+00:00\",\"dateModified\":\"2024-02-05T11:33:52+00:00\",\"breadcrumb\":{\"@id\":\"https:\\\/\\\/esperia.tn.it\\\/de\\\/dienstleistungen-und-produkte\\\/druckvorstufe\\\/#breadcrumb\"},\"inLanguage\":\"de\",\"potentialAction\":[{\"@type\":\"ReadAction\",\"target\":[\"https:\\\/\\\/esperia.tn.it\\\/de\\\/dienstleistungen-und-produkte\\\/druckvorstufe\\\/\"]}]},{\"@type\":\"ImageObject\",\"inLanguage\":\"de\",\"@id\":\"https:\\\/\\\/esperia.tn.it\\\/de\\\/dienstleistungen-und-produkte\\\/druckvorstufe\\\/#primaryimage\",\"url\":\"https:\\\/\\\/esperia.tn.it\\\/wp-content\\\/uploads\\\/2018\\\/11\\\/prepress.jpg\",\"contentUrl\":\"https:\\\/\\\/esperia.tn.it\\\/wp-content\\\/uploads\\\/2018\\\/11\\\/prepress.jpg\",\"width\":2048,\"height\":1367},{\"@type\":\"BreadcrumbList\",\"@id\":\"https:\\\/\\\/esperia.tn.it\\\/de\\\/dienstleistungen-und-produkte\\\/druckvorstufe\\\/#breadcrumb\",\"itemListElement\":[{\"@type\":\"ListItem\",\"position\":1,\"name\":\"Home\",\"item\":\"https:\\\/\\\/esperia.tn.it\\\/de\\\/\"},{\"@type\":\"ListItem\",\"position\":2,\"name\":\"Dienstleistungen und Produkte\",\"item\":\"https:\\\/\\\/esperia.tn.it\\\/de\\\/dienstleistungen-und-produkte\\\/\"},{\"@type\":\"ListItem\",\"position\":3,\"name\":\"Druckvorstufe\"}]},{\"@type\":\"WebSite\",\"@id\":\"https:\\\/\\\/esperia.tn.it\\\/#website\",\"url\":\"https:\\\/\\\/esperia.tn.it\\\/\",\"name\":\"Esperia\",\"description\":\"Print evolution\",\"potentialAction\":[{\"@type\":\"SearchAction\",\"target\":{\"@type\":\"EntryPoint\",\"urlTemplate\":\"https:\\\/\\\/esperia.tn.it\\\/?s={search_term_string}\"},\"query-input\":{\"@type\":\"PropertyValueSpecification\",\"valueRequired\":true,\"valueName\":\"search_term_string\"}}],\"inLanguage\":\"de\"}]}<\/script>\n<!-- \/ Yoast SEO plugin. -->","yoast_head_json":{"title":"Druckvorstufe - Esperia","robots":{"index":"index","follow":"follow","max-snippet":"max-snippet:-1","max-image-preview":"max-image-preview:large","max-video-preview":"max-video-preview:-1"},"canonical":"https:\/\/esperia.tn.it\/de\/dienstleistungen-und-produkte\/druckvorstufe\/","twitter_misc":{"Gesch\u00e4tzte Lesezeit":"1\u00a0Minute"},"schema":{"@context":"https:\/\/schema.org","@graph":[{"@type":"WebPage","@id":"https:\/\/esperia.tn.it\/de\/dienstleistungen-und-produkte\/druckvorstufe\/","url":"https:\/\/esperia.tn.it\/de\/dienstleistungen-und-produkte\/druckvorstufe\/","name":"Druckvorstufe - Esperia","isPartOf":{"@id":"https:\/\/esperia.tn.it\/#website"},"primaryImageOfPage":{"@id":"https:\/\/esperia.tn.it\/de\/dienstleistungen-und-produkte\/druckvorstufe\/#primaryimage"},"image":{"@id":"https:\/\/esperia.tn.it\/de\/dienstleistungen-und-produkte\/druckvorstufe\/#primaryimage"},"thumbnailUrl":"https:\/\/esperia.tn.it\/wp-content\/uploads\/2018\/11\/prepress.jpg","datePublished":"2018-11-19T14:38:09+00:00","dateModified":"2024-02-05T11:33:52+00:00","breadcrumb":{"@id":"https:\/\/esperia.tn.it\/de\/dienstleistungen-und-produkte\/druckvorstufe\/#breadcrumb"},"inLanguage":"de","potentialAction":[{"@type":"ReadAction","target":["https:\/\/esperia.tn.it\/de\/dienstleistungen-und-produkte\/druckvorstufe\/"]}]},{"@type":"ImageObject","inLanguage":"de","@id":"https:\/\/esperia.tn.it\/de\/dienstleistungen-und-produkte\/druckvorstufe\/#primaryimage","url":"https:\/\/esperia.tn.it\/wp-content\/uploads\/2018\/11\/prepress.jpg","contentUrl":"https:\/\/esperia.tn.it\/wp-content\/uploads\/2018\/11\/prepress.jpg","width":2048,"height":1367},{"@type":"BreadcrumbList","@id":"https:\/\/esperia.tn.it\/de\/dienstleistungen-und-produkte\/druckvorstufe\/#breadcrumb","itemListElement":[{"@type":"ListItem","position":1,"name":"Home","item":"https:\/\/esperia.tn.it\/de\/"},{"@type":"ListItem","position":2,"name":"Dienstleistungen und Produkte","item":"https:\/\/esperia.tn.it\/de\/dienstleistungen-und-produkte\/"},{"@type":"ListItem","position":3,"name":"Druckvorstufe"}]},{"@type":"WebSite","@id":"https:\/\/esperia.tn.it\/#website","url":"https:\/\/esperia.tn.it\/","name":"Esperia","description":"Print evolution","potentialAction":[{"@type":"SearchAction","target":{"@type":"EntryPoint","urlTemplate":"https:\/\/esperia.tn.it\/?s={search_term_string}"},"query-input":{"@type":"PropertyValueSpecification","valueRequired":true,"valueName":"search_term_string"}}],"inLanguage":"de"}]}},"_links":{"self":[{"href":"https:\/\/esperia.tn.it\/de\/wp-json\/wp\/v2\/pages\/2437","targetHints":{"allow":["GET"]}}],"collection":[{"href":"https:\/\/esperia.tn.it\/de\/wp-json\/wp\/v2\/pages"}],"about":[{"href":"https:\/\/esperia.tn.it\/de\/wp-json\/wp\/v2\/types\/page"}],"author":[{"embeddable":true,"href":"https:\/\/esperia.tn.it\/de\/wp-json\/wp\/v2\/users\/1"}],"replies":[{"embeddable":true,"href":"https:\/\/esperia.tn.it\/de\/wp-json\/wp\/v2\/comments?post=2437"}],"version-history":[{"count":2,"href":"https:\/\/esperia.tn.it\/de\/wp-json\/wp\/v2\/pages\/2437\/revisions"}],"predecessor-version":[{"id":2439,"href":"https:\/\/esperia.tn.it\/de\/wp-json\/wp\/v2\/pages\/2437\/revisions\/2439"}],"up":[{"embeddable":true,"href":"https:\/\/esperia.tn.it\/de\/wp-json\/wp\/v2\/pages\/2433"}],"wp:featuredmedia":[{"embeddable":true,"href":"https:\/\/esperia.tn.it\/de\/wp-json\/wp\/v2\/media\/1744"}],"wp:attachment":[{"href":"https:\/\/esperia.tn.it\/de\/wp-json\/wp\/v2\/media?parent=2437"}],"curies":[{"name":"wp","href":"https:\/\/api.w.org\/{rel}","templated":true}]}}