 {"id":2433,"date":"2018-11-19T15:18:10","date_gmt":"2018-11-19T14:18:10","guid":{"rendered":"https:\/\/esperia.tn.it\/servizi-e-prodotti\/"},"modified":"2024-02-05T10:47:09","modified_gmt":"2024-02-05T09:47:09","slug":"dienstleistungen-und-produkte","status":"publish","type":"page","link":"https:\/\/esperia.tn.it\/de\/dienstleistungen-und-produkte\/","title":{"rendered":"Dienstleistungen und Produkte"},"content":{"rendered":"<p>Esperia bietet einen umfassenden Produktionszyklus, der alle Phasen abdeckt.<\/p>\n<p>Dank eines umfangreichen Maschinenparks und st\u00e4ndiger Investitionen in Innovation, neue Materialien und immer besser qualifiziertes Personal sind wir in der Lage, eine Vielzahl von Produkten zu entwerfen, zu produzieren und zu verpacken, vom Verlagswesen bis hin zu Katalogen und Verpackungen.<\/p>\n<p>Das bew\u00e4hrte Netz von externen Partnern erm\u00f6glicht es uns au\u00dferdem, die Veredelung und den Vertrieb von Druckerzeugnissen kompetent und sicher zu begleiten.<\/p>\n","protected":false},"excerpt":{"rendered":"<p>Esperia bietet einen umfassenden Produktionszyklus, der alle Phasen abdeckt. Dank eines umfangreichen Maschinenparks und st\u00e4ndiger Investitionen in Innovation, neue Materialien und immer besser qualifiziertes Personal sind wir in der Lage, eine Vielzahl von Produkten zu entwerfen, zu produzieren und zu verpacken, vom Verlagswesen bis hin zu Katalogen und Verpackungen. Das bew\u00e4hrte Netz von externen Partnern [&hellip;]<\/p>\n","protected":false},"author":1,"featured_media":1743,"parent":0,"menu_order":3,"comment_status":"closed","ping_status":"closed","template":"interna-blocchi.php","meta":{"_acf_changed":false,"footnotes":""},"class_list":["post-2433","page","type-page","status-publish","has-post-thumbnail","hentry"],"acf":[],"yoast_head":"<!-- This site is optimized with the Yoast SEO plugin v27.5 - https:\/\/yoast.com\/product\/yoast-seo-wordpress\/ -->\n<title>Dienstleistungen und Produkte - Esperia<\/title>\n<meta name=\"robots\" content=\"index, follow, max-snippet:-1, max-image-preview:large, max-video-preview:-1\" \/>\n<link rel=\"canonical\" href=\"https:\/\/esperia.tn.it\/de\/dienstleistungen-und-produkte\/\" \/>\n<meta name=\"twitter:label1\" content=\"Gesch\u00e4tzte Lesezeit\" \/>\n\t<meta name=\"twitter:data1\" content=\"1\u00a0Minute\" \/>\n<script type=\"application\/ld+json\" class=\"yoast-schema-graph\">{\"@context\":\"https:\\\/\\\/schema.org\",\"@graph\":[{\"@type\":\"WebPage\",\"@id\":\"https:\\\/\\\/esperia.tn.it\\\/de\\\/dienstleistungen-und-produkte\\\/\",\"url\":\"https:\\\/\\\/esperia.tn.it\\\/de\\\/dienstleistungen-und-produkte\\\/\",\"name\":\"Dienstleistungen und Produkte - Esperia\",\"isPartOf\":{\"@id\":\"https:\\\/\\\/esperia.tn.it\\\/#website\"},\"primaryImageOfPage\":{\"@id\":\"https:\\\/\\\/esperia.tn.it\\\/de\\\/dienstleistungen-und-produkte\\\/#primaryimage\"},\"image\":{\"@id\":\"https:\\\/\\\/esperia.tn.it\\\/de\\\/dienstleistungen-und-produkte\\\/#primaryimage\"},\"thumbnailUrl\":\"https:\\\/\\\/esperia.tn.it\\\/wp-content\\\/uploads\\\/2018\\\/11\\\/stampa_intro.jpg\",\"datePublished\":\"2018-11-19T14:18:10+00:00\",\"dateModified\":\"2024-02-05T09:47:09+00:00\",\"breadcrumb\":{\"@id\":\"https:\\\/\\\/esperia.tn.it\\\/de\\\/dienstleistungen-und-produkte\\\/#breadcrumb\"},\"inLanguage\":\"de\",\"potentialAction\":[{\"@type\":\"ReadAction\",\"target\":[\"https:\\\/\\\/esperia.tn.it\\\/de\\\/dienstleistungen-und-produkte\\\/\"]}]},{\"@type\":\"ImageObject\",\"inLanguage\":\"de\",\"@id\":\"https:\\\/\\\/esperia.tn.it\\\/de\\\/dienstleistungen-und-produkte\\\/#primaryimage\",\"url\":\"https:\\\/\\\/esperia.tn.it\\\/wp-content\\\/uploads\\\/2018\\\/11\\\/stampa_intro.jpg\",\"contentUrl\":\"https:\\\/\\\/esperia.tn.it\\\/wp-content\\\/uploads\\\/2018\\\/11\\\/stampa_intro.jpg\",\"width\":2048,\"height\":1536},{\"@type\":\"BreadcrumbList\",\"@id\":\"https:\\\/\\\/esperia.tn.it\\\/de\\\/dienstleistungen-und-produkte\\\/#breadcrumb\",\"itemListElement\":[{\"@type\":\"ListItem\",\"position\":1,\"name\":\"Home\",\"item\":\"https:\\\/\\\/esperia.tn.it\\\/de\\\/\"},{\"@type\":\"ListItem\",\"position\":2,\"name\":\"Dienstleistungen und Produkte\"}]},{\"@type\":\"WebSite\",\"@id\":\"https:\\\/\\\/esperia.tn.it\\\/#website\",\"url\":\"https:\\\/\\\/esperia.tn.it\\\/\",\"name\":\"Esperia\",\"description\":\"Print evolution\",\"potentialAction\":[{\"@type\":\"SearchAction\",\"target\":{\"@type\":\"EntryPoint\",\"urlTemplate\":\"https:\\\/\\\/esperia.tn.it\\\/?s={search_term_string}\"},\"query-input\":{\"@type\":\"PropertyValueSpecification\",\"valueRequired\":true,\"valueName\":\"search_term_string\"}}],\"inLanguage\":\"de\"}]}<\/script>\n<!-- \/ Yoast SEO plugin. -->","yoast_head_json":{"title":"Dienstleistungen und Produkte - Esperia","robots":{"index":"index","follow":"follow","max-snippet":"max-snippet:-1","max-image-preview":"max-image-preview:large","max-video-preview":"max-video-preview:-1"},"canonical":"https:\/\/esperia.tn.it\/de\/dienstleistungen-und-produkte\/","twitter_misc":{"Gesch\u00e4tzte Lesezeit":"1\u00a0Minute"},"schema":{"@context":"https:\/\/schema.org","@graph":[{"@type":"WebPage","@id":"https:\/\/esperia.tn.it\/de\/dienstleistungen-und-produkte\/","url":"https:\/\/esperia.tn.it\/de\/dienstleistungen-und-produkte\/","name":"Dienstleistungen und Produkte - Esperia","isPartOf":{"@id":"https:\/\/esperia.tn.it\/#website"},"primaryImageOfPage":{"@id":"https:\/\/esperia.tn.it\/de\/dienstleistungen-und-produkte\/#primaryimage"},"image":{"@id":"https:\/\/esperia.tn.it\/de\/dienstleistungen-und-produkte\/#primaryimage"},"thumbnailUrl":"https:\/\/esperia.tn.it\/wp-content\/uploads\/2018\/11\/stampa_intro.jpg","datePublished":"2018-11-19T14:18:10+00:00","dateModified":"2024-02-05T09:47:09+00:00","breadcrumb":{"@id":"https:\/\/esperia.tn.it\/de\/dienstleistungen-und-produkte\/#breadcrumb"},"inLanguage":"de","potentialAction":[{"@type":"ReadAction","target":["https:\/\/esperia.tn.it\/de\/dienstleistungen-und-produkte\/"]}]},{"@type":"ImageObject","inLanguage":"de","@id":"https:\/\/esperia.tn.it\/de\/dienstleistungen-und-produkte\/#primaryimage","url":"https:\/\/esperia.tn.it\/wp-content\/uploads\/2018\/11\/stampa_intro.jpg","contentUrl":"https:\/\/esperia.tn.it\/wp-content\/uploads\/2018\/11\/stampa_intro.jpg","width":2048,"height":1536},{"@type":"BreadcrumbList","@id":"https:\/\/esperia.tn.it\/de\/dienstleistungen-und-produkte\/#breadcrumb","itemListElement":[{"@type":"ListItem","position":1,"name":"Home","item":"https:\/\/esperia.tn.it\/de\/"},{"@type":"ListItem","position":2,"name":"Dienstleistungen und Produkte"}]},{"@type":"WebSite","@id":"https:\/\/esperia.tn.it\/#website","url":"https:\/\/esperia.tn.it\/","name":"Esperia","description":"Print evolution","potentialAction":[{"@type":"SearchAction","target":{"@type":"EntryPoint","urlTemplate":"https:\/\/esperia.tn.it\/?s={search_term_string}"},"query-input":{"@type":"PropertyValueSpecification","valueRequired":true,"valueName":"search_term_string"}}],"inLanguage":"de"}]}},"_links":{"self":[{"href":"https:\/\/esperia.tn.it\/de\/wp-json\/wp\/v2\/pages\/2433","targetHints":{"allow":["GET"]}}],"collection":[{"href":"https:\/\/esperia.tn.it\/de\/wp-json\/wp\/v2\/pages"}],"about":[{"href":"https:\/\/esperia.tn.it\/de\/wp-json\/wp\/v2\/types\/page"}],"author":[{"embeddable":true,"href":"https:\/\/esperia.tn.it\/de\/wp-json\/wp\/v2\/users\/1"}],"replies":[{"embeddable":true,"href":"https:\/\/esperia.tn.it\/de\/wp-json\/wp\/v2\/comments?post=2433"}],"version-history":[{"count":3,"href":"https:\/\/esperia.tn.it\/de\/wp-json\/wp\/v2\/pages\/2433\/revisions"}],"predecessor-version":[{"id":2436,"href":"https:\/\/esperia.tn.it\/de\/wp-json\/wp\/v2\/pages\/2433\/revisions\/2436"}],"wp:featuredmedia":[{"embeddable":true,"href":"https:\/\/esperia.tn.it\/de\/wp-json\/wp\/v2\/media\/1743"}],"wp:attachment":[{"href":"https:\/\/esperia.tn.it\/de\/wp-json\/wp\/v2\/media?parent=2433"}],"curies":[{"name":"wp","href":"https:\/\/api.w.org\/{rel}","templated":true}]}}